{"id":13625,"date":"2021-05-19T23:18:46","date_gmt":"2021-05-19T21:18:46","guid":{"rendered":"https:\/\/www.bajorat-media.com\/?page_id=13625"},"modified":"2021-10-15T12:04:13","modified_gmt":"2021-10-15T10:04:13","slug":"price-cost","status":"publish","type":"page","link":"https:\/\/www.bajorat-media.com\/en\/agency\/price-cost\/","title":{"rendered":"Prices &amp; Costs"},"content":{"rendered":"<p>[et_pb_section fb_built=&#8220;1&#8243; admin_label=&#8220;Header&#8220; _builder_version=&#8220;4.11.1&#8243; _module_preset=&#8220;5686f541-a4a9-4868-af98-d67da22a508d&#8220; saved_tabs=&#8220;all&#8220; global_colors_info=&#8220;{}&#8220;][et_pb_row _builder_version=&#8220;3.25&#8243; global_colors_info=&#8220;{}&#8220;][et_pb_column type=&#8220;4_4&#8243; _builder_version=&#8220;3.25&#8243; custom_padding=&#8220;|||&#8220; global_colors_info=&#8220;{}&#8220; custom_padding__hover=&#8220;|||&#8220;][et_pb_text _builder_version=&#8220;4.11.1&#8243; _module_preset=&#8220;b9f442f4-b048-485e-ae5e-d5bde1104a6a&#8220; text_font_size_last_edited=&#8220;off|desktop&#8220; global_colors_info=&#8220;{}&#8220;]<\/p>\n<p><span class=\"h3\">\u00dcber die Agentur<\/span><\/p>\n<h1>Preise \/ Kosten<\/h1>\n<p>Was kostet eigentlich Webdesign, Programmierung oder WordPress-Entwicklung und wie wird es verrechnet.<br \/>Wir erkl\u00e4ren Ihnen die Preise und Kosten eines Web-Projektes!<\/p>\n<p>[\/et_pb_text][\/et_pb_column][\/et_pb_row][\/et_pb_section][et_pb_section fb_built=&#8220;1&#8243; _builder_version=&#8220;4.10.5&#8243; _module_preset=&#8220;default&#8220; global_colors_info=&#8220;{}&#8220;][et_pb_row column_structure=&#8220;1_2,1_2&#8243; _builder_version=&#8220;4.10.5&#8243; _module_preset=&#8220;default&#8220; global_colors_info=&#8220;{}&#8220;][et_pb_column type=&#8220;1_2&#8243; _builder_version=&#8220;4.10.5&#8243; _module_preset=&#8220;default&#8220; global_colors_info=&#8220;{}&#8220;][et_pb_text _builder_version=&#8220;4.11.1&#8243; _module_preset=&#8220;38be5576-73c4-4040-aefa-5423521f93da&#8220; global_colors_info=&#8220;{}&#8220;]<\/p>\n<h2>Preise im Webdesign &amp; Webentwicklung<\/h2>\n<h3>Das m\u00fcssen Sie \u00fcber die Kosten und Abrechnung wissen<\/h3>\n<p><strong>Jedes einzelne Projekt wird von uns individuell und Ihren Zielsetzungen entsprechend geplant, gestaltet und technisch umgesetzt. Passend zu Ihren individuellen Projekten erhalten Sie von uns auch immer ein ma\u00dfgeschneidertes Angebot.<\/strong><\/p>\n<p>[\/et_pb_text][et_pb_image src=&#8220;https:\/\/www.bajorat-media.com\/wp-content\/uploads\/2021\/10\/webdesign-und-entwicklung.png&#8220; alt=&#8220;Webdesign und Entwicklung&#8220; title_text=&#8220;Webdesign und Entwicklung&#8220; _builder_version=&#8220;4.11.2&#8243; _module_preset=&#8220;default&#8220; global_colors_info=&#8220;{}&#8220;][\/et_pb_image][et_pb_text _builder_version=&#8220;4.11.2&#8243; _module_preset=&#8220;38be5576-73c4-4040-aefa-5423521f93da&#8220; global_colors_info=&#8220;{}&#8220;]<\/p>\n<p>Je nach Anforderungen und Umfang Ihrer Projekte bieten wir verschiedene Preismodelle an:<strong><\/strong><\/p>\n<p><strong>Festpreis<\/strong><br \/>Bei klar definierten Aufgaben und \u00fcberschaubarem Umfang bieten wir Ihnen gerne ein Festpreisangebot an. Ebenso gelten feste Preise f\u00fcr unsere standardisierten Produkte, Software oder Lizenzen.<\/p>\n<p><strong>Stundensatz \/ Tagessatz<\/strong><br \/>F\u00fcr nicht ganz klar definierte Aufgaben oder Arbeiten, die eher einem fortlaufenden Prozess entsprechen, bieten wir eine Abrechnung nach Stundensatz \/ Tagessatz an. Nat\u00fcrlich erstellen wir Ihnen vorab gerne einen ungef\u00e4hren KVA, um die zu erwartenden Kosten zu eruieren.<\/p>\n<p><strong>Wartungs- und Servicevertr\u00e4ge<\/strong><br \/>F\u00fcr die l\u00e4ngere Pflege von Webseiten oder Anwendungen bieten wir Ihnen entsprechende Wartungs- und Servicevertr\u00e4ge. Gemeinsam definieren wir ein Budget und eine Laufzeit sowie die Aufgaben, die in dieser Zeit umgesetzt werden.<\/p>\n<p>F\u00fcr die einfache Pflege von Inhalten einer Webseite ohne jegliche Programmier- oder Designleistungen offerieren wir einen reduzierten Stundensatz und Paketpreise bei Buchung fester Stundenpakete \u00fcber eine l\u00e4ngere Laufzeit.<\/p>\n<hr \/>\n<h3>Kostenloser Erstkontakt<\/h3>\n<p>Um Ihnen bei der Auswahl der richtigen Agentur zu helfen und Ihnen eine Vorstellung \u00fcber die m\u00f6glichen Kosten zu verschaffen, bieten wir Ihnen ein <a href=\"https:\/\/www.bajorat-media.com\/kontakt\/rueckruf-anfordern\/\" title=\"kostenloses Erstgespr\u00e4ch\">kostenloses Erstgespr\u00e4ch<\/a> zu Ihrem geplanten Projekt als kostenlosen Service an.\u00a0<\/p>\n<p>[\/et_pb_text][et_pb_button button_url=&#8220;@ET-DC@eyJkeW5hbWljIjp0cnVlLCJjb250ZW50IjoicG9zdF9saW5rX3VybF9wYWdlIiwic2V0dGluZ3MiOnsicG9zdF9pZCI6IjEzNzA5In19@&#8220; button_text=&#8220;Jetzt Kontakt aufnehmen&#8220; button_alignment=&#8220;center&#8220; _builder_version=&#8220;4.11.1&#8243; _dynamic_attributes=&#8220;button_url&#8220; _module_preset=&#8220;a9b497e8-689a-4b57-b697-0be25d7fccd5&#8243; global_colors_info=&#8220;{}&#8220;][\/et_pb_button][\/et_pb_column][et_pb_column type=&#8220;1_2&#8243; _builder_version=&#8220;4.10.5&#8243; _module_preset=&#8220;default&#8220; global_colors_info=&#8220;{}&#8220;][et_pb_text _builder_version=&#8220;4.11.1&#8243; _module_preset=&#8220;38be5576-73c4-4040-aefa-5423521f93da&#8220; global_colors_info=&#8220;{}&#8220;]<\/p>\n<h2>Was kostet Webdesign \/ WordPress-Entwicklung<\/h2>\n<p>Die Kosten f\u00fcr Web-Dienstleistungen lassen sich nur sehr schwer pauschalieren, da jedes Projekt individuell und nach den Zielsetzungen und Vorstellungen der jeweiligen Auftraggeber umgesetzt wird.<\/p>\n<p>Dienstleister, die Ihnen g\u00fcnstige Pauschalpreise von wenigen Hundert Euro offerieren, arbeiten meistens mit immer gleichen Vorlagen und bieten wenig Spielraum f\u00fcr Individualisierungen oder Sonderleistungen. Da wir uns aber genau auf diesen Bereich spezialisiert haben, erhalten Sie von uns immer ein individuelles Angebot zu Ihrem geplanten Projekt.<\/p>\n<h3>Warum das Budget ein wichtiger Faktor ist<\/h3>\n<p>Die Kosten f\u00fcr Internet-Dienstleistungen lassen sich ein St\u00fcck weit mit Uhren vergleichen, zumindest zum Veranschaulichen der Preisstruktur.<\/p>\n<p>Sie k\u00f6nnen sich eine teure Schweizer Luxusuhr kaufen oder eine einfache und g\u00fcnstige Uhr einer g\u00e4ngigen Modemarke. Auf beiden Uhren k\u00f6nnen Sie die Zeit ablesen, oberfl\u00e4chlich ist also vielleicht kein \u00a0gro\u00dfer Unterschied zu erkennen, aber unter der Haube oder anders gesagt, am Uhrwerk scheiden sich die Geister. Hier kann \u00a0das Uhrwerk der einfachen Uhr nicht mit dem feinen Uhrwerk der Schweizer Luxusuhr mithalten.<\/p>\n<p>\u00c4hnlich ist es auch im Webbereich. Eine Webseite kann sich unter der Haube, also im Code, von der Optimierung, Performance, Komfort der Bearbeitungsm\u00f6glichkeiten usw. grundlegend von anderen Seiten unterscheiden, obwohl sie von der Oberfl\u00e4che oder dem Design her vielleicht sogar \u00e4hnlich wirkt.<\/p>\n<p>Daher ist es f\u00fcr uns hilfreich, von Ihnen ein Budget genannt zu bekommen, so k\u00f6nnen wir genau eruieren, welche Leistungen f\u00fcr Sie sinnvoll sind und welche nicht oder ob z.B. ein Standardprodukt mit ein paar Abstrichen aus Kostengr\u00fcnden besser geeignet ist, als eine komplett individuelle Umsetzung einer Funktion.<\/p>\n<p>Wir m\u00f6chten Ihnen nicht die Luxusuhr aufdr\u00e4ngen, wenn Sie diese nicht wirklich wollen und mit der Angabe eines entsprechenden Budgets helfen Sie uns, das Bestm\u00f6gliche daraus hervorzuholen.<\/p>\n<p>Gerne helfen wir Ihnen auch bei der Ermittlung eines sinnvollen Budgets, falls die Entscheidung \u00fcber eine entsprechende Summe noch offen ist.<\/p>\n<p>[\/et_pb_text][\/et_pb_column][\/et_pb_row][\/et_pb_section][et_pb_section fb_built=&#8220;1&#8243; custom_padding_last_edited=&#8220;on|desktop&#8220; admin_label=&#8220;Footer&#8220; _builder_version=&#8220;4.10.5&#8243; _module_preset=&#8220;default&#8220; use_background_color_gradient=&#8220;on&#8220; background_color_gradient_start=&#8220;rgba(30,143,229,0.92)&#8220; background_color_gradient_end=&#8220;rgba(33,117,155,0.95)&#8220; background_color_gradient_direction=&#8220;130deg&#8220; background_color_gradient_overlays_image=&#8220;on&#8220; background_image=&#8220;https:\/\/www.bajorat-media.com\/wp-content\/uploads\/2021\/06\/ueber-uns-factory-berlin.jpg&#8220; custom_padding=&#8220;5vw||5vw||true|false&#8220; custom_padding_tablet=&#8220;100px||100px||true&#8220; custom_padding_phone=&#8220;||||true&#8220; top_divider_height=&#8220;250px&#8220; top_divider_flip=&#8220;vertical&#8220; top_divider_height_tablet=&#8220;150px&#8220; top_divider_height_phone=&#8220;110px&#8220; top_divider_height_last_edited=&#8220;on|phone&#8220; global_module=&#8220;14026&#8243; saved_tabs=&#8220;all&#8220; global_colors_info=&#8220;{}&#8220;][et_pb_row module_class=&#8220; et_pb_row_fullwidth&#8220; _builder_version=&#8220;3.25&#8243; _module_preset=&#8220;default&#8220; width=&#8220;89%&#8220; width_tablet=&#8220;80%&#8220; width_phone=&#8220;&#8220; width_last_edited=&#8220;on|desktop&#8220; max_width=&#8220;89%&#8220; max_width_tablet=&#8220;80%&#8220; max_width_phone=&#8220;&#8220; max_width_last_edited=&#8220;on|desktop&#8220; custom_margin_phone=&#8220;|||&#8220; custom_margin_last_edited=&#8220;off|desktop&#8220; custom_padding=&#8220;|||&#8220; make_fullwidth=&#8220;on&#8220; global_colors_info=&#8220;{}&#8220;][et_pb_column type=&#8220;4_4&#8243; _builder_version=&#8220;3.25&#8243; _module_preset=&#8220;default&#8220; custom_padding=&#8220;|||&#8220; global_colors_info=&#8220;{}&#8220; custom_padding__hover=&#8220;|||&#8220;][et_pb_text _builder_version=&#8220;4.10.5&#8243; _module_preset=&#8220;3930226d-e9ff-4d87-bef4-1be8103c6a44&#8243; text_font=&#8220;||||||||&#8220; header_font=&#8220;||||||||&#8220; header_2_font=&#8220;Roboto|500|||||||&#8220; header_2_text_color=&#8220;#FFFFFF&#8220; header_2_font_size=&#8220;50px&#8220; header_2_line_height=&#8220;1.4em&#8220; header_3_font=&#8220;Roboto|700||on|||||&#8220; header_3_text_align=&#8220;center&#8220; header_3_text_color=&#8220;#ffffff&#8220; header_3_font_size=&#8220;24px&#8220; header_3_letter_spacing=&#8220;5px&#8220; header_3_line_height=&#8220;2em&#8220; text_orientation=&#8220;center&#8220; background_layout=&#8220;dark&#8220; max_width=&#8220;850px&#8220; module_alignment=&#8220;center&#8220; custom_margin=&#8220;|||&#8220; custom_padding=&#8220;|||&#8220; text_font_size_last_edited=&#8220;off|desktop&#8220; header_2_font_size_tablet=&#8220;40px&#8220; header_2_font_size_phone=&#8220;32px&#8220; header_2_font_size_last_edited=&#8220;on|desktop&#8220; header_3_font_size_tablet=&#8220;16px&#8220; header_3_font_size_phone=&#8220;14px&#8220; header_3_font_size_last_edited=&#8220;on|phone&#8220; global_colors_info=&#8220;{}&#8220;]<\/p>\n<h3>Haben wir Ihr Interesse geweckt?<\/h3>\n<h2>Lassen Sie uns gemeinsam Ihr Projekt angehen!<\/h2>\n<p>[\/et_pb_text][et_pb_button button_url=&#8220;@ET-DC@eyJkeW5hbWljIjp0cnVlLCJjb250ZW50IjoicG9zdF9saW5rX3VybF9wYWdlIiwic2V0dGluZ3MiOnsicG9zdF9pZCI6IjEzNzA5In19@&#8220; button_text=&#8220;Kontaktieren Sie uns!&#8220; button_alignment=&#8220;center&#8220; _builder_version=&#8220;4.10.5&#8243; _dynamic_attributes=&#8220;button_url&#8220; _module_preset=&#8220;a9b497e8-689a-4b57-b697-0be25d7fccd5&#8243; button_letter_spacing_hover=&#8220;5.5px&#8220; global_colors_info=&#8220;{}&#8220; button_text_size__hover_enabled=&#8220;off&#8220; button_one_text_size__hover_enabled=&#8220;off&#8220; button_two_text_size__hover_enabled=&#8220;off&#8220; button_text_color__hover_enabled=&#8220;off&#8220; button_one_text_color__hover_enabled=&#8220;off&#8220; button_two_text_color__hover_enabled=&#8220;off&#8220; button_border_width__hover_enabled=&#8220;off&#8220; button_one_border_width__hover_enabled=&#8220;off&#8220; button_two_border_width__hover_enabled=&#8220;off&#8220; button_border_color__hover_enabled=&#8220;off&#8220; button_one_border_color__hover_enabled=&#8220;off&#8220; button_two_border_color__hover_enabled=&#8220;off&#8220; button_border_radius__hover_enabled=&#8220;off&#8220; button_one_border_radius__hover_enabled=&#8220;off&#8220; button_two_border_radius__hover_enabled=&#8220;off&#8220; button_letter_spacing__hover_enabled=&#8220;off|hover&#8220; button_letter_spacing__hover=&#8220;2px&#8220; button_one_letter_spacing__hover_enabled=&#8220;off&#8220; button_two_letter_spacing__hover_enabled=&#8220;off&#8220; button_bg_color__hover_enabled=&#8220;off&#8220; button_one_bg_color__hover_enabled=&#8220;off&#8220; button_two_bg_color__hover_enabled=&#8220;off&#8220;][\/et_pb_button][\/et_pb_column][\/et_pb_row][\/et_pb_section]<\/p>\n","protected":false},"excerpt":{"rendered":"<p>\u00dcber die Agentur Preise \/ Kosten Was kostet eigentlich Webdesign, Programmierung oder WordPress-Entwicklung und wie wird es verrechnet.Wir erkl\u00e4ren Ihnen die Preise und Kosten eines Web-Projektes!Preise im Webdesign &amp; Webentwicklung Das m\u00fcssen Sie \u00fcber die Kosten und Abrechnung wissen Jedes einzelne Projekt wird von uns individuell und Ihren Zielsetzungen entsprechend geplant, gestaltet und technisch umgesetzt. [&hellip;]<\/p>\n","protected":false},"author":1,"featured_media":0,"parent":13608,"menu_order":0,"comment_status":"closed","ping_status":"closed","template":"","meta":{"_et_pb_use_builder":"on","_et_pb_old_content":"","_et_gb_content_width":"","inline_featured_image":false,"footnotes":""},"class_list":["post-13625","page","type-page","status-publish","hentry"],"_links":{"self":[{"href":"https:\/\/www.bajorat-media.com\/en\/wp-json\/wp\/v2\/pages\/13625","targetHints":{"allow":["GET"]}}],"collection":[{"href":"https:\/\/www.bajorat-media.com\/en\/wp-json\/wp\/v2\/pages"}],"about":[{"href":"https:\/\/www.bajorat-media.com\/en\/wp-json\/wp\/v2\/types\/page"}],"author":[{"embeddable":true,"href":"https:\/\/www.bajorat-media.com\/en\/wp-json\/wp\/v2\/users\/1"}],"replies":[{"embeddable":true,"href":"https:\/\/www.bajorat-media.com\/en\/wp-json\/wp\/v2\/comments?post=13625"}],"version-history":[{"count":17,"href":"https:\/\/www.bajorat-media.com\/en\/wp-json\/wp\/v2\/pages\/13625\/revisions"}],"predecessor-version":[{"id":15539,"href":"https:\/\/www.bajorat-media.com\/en\/wp-json\/wp\/v2\/pages\/13625\/revisions\/15539"}],"up":[{"embeddable":true,"href":"https:\/\/www.bajorat-media.com\/en\/wp-json\/wp\/v2\/pages\/13608"}],"wp:attachment":[{"href":"https:\/\/www.bajorat-media.com\/en\/wp-json\/wp\/v2\/media?parent=13625"}],"curies":[{"name":"wp","href":"https:\/\/api.w.org\/{rel}","templated":true}]}}