{"id":13661,"date":"2021-06-11T23:33:00","date_gmt":"2021-06-11T21:33:00","guid":{"rendered":"https:\/\/www.bajorat-media.com\/?page_id=13661"},"modified":"2021-10-15T21:45:29","modified_gmt":"2021-10-15T19:45:29","slug":"wordpress-berlin","status":"publish","type":"page","link":"https:\/\/www.bajorat-media.com\/en\/services\/wordpress-berlin\/","title":{"rendered":"WordPress Berlin"},"content":{"rendered":"<p>[et_pb_section fb_built=&#8220;1&#8243; admin_label=&#8220;Header&#8220; _builder_version=&#8220;4.10.6&#8243; _module_preset=&#8220;5686f541-a4a9-4868-af98-d67da22a508d&#8220; saved_tabs=&#8220;all&#8220; global_colors_info=&#8220;{}&#8220;][et_pb_row _builder_version=&#8220;3.25&#8243; global_colors_info=&#8220;{}&#8220;][et_pb_column type=&#8220;4_4&#8243; _builder_version=&#8220;3.25&#8243; custom_padding=&#8220;|||&#8220; global_colors_info=&#8220;{}&#8220; custom_padding__hover=&#8220;|||&#8220;][et_pb_text _builder_version=&#8220;4.10.8&#8243; _module_preset=&#8220;d68d91a6-15bf-43b3-8894-8beca56d4da5&#8243; global_colors_info=&#8220;{}&#8220;]<\/p>\n<h1 style=\"text-align: center;\">WordPress Agentur Berlin<\/h1>\n<h2 style=\"text-align: center;\">Sind Sie auf der Suche nach Ihrer neuen WordPress Agentur? Sie haben sie gefunden!<\/h2>\n<p>[\/et_pb_text][\/et_pb_column][\/et_pb_row][\/et_pb_section][et_pb_section fb_built=&#8220;1&#8243; _builder_version=&#8220;4.10.5&#8243; _module_preset=&#8220;default&#8220; custom_padding=&#8220;||0px|||&#8220; global_colors_info=&#8220;{}&#8220;][et_pb_row column_structure=&#8220;1_2,1_2&#8243; _builder_version=&#8220;4.10.5&#8243; _module_preset=&#8220;default&#8220; global_colors_info=&#8220;{}&#8220;][et_pb_column type=&#8220;1_2&#8243; _builder_version=&#8220;4.10.5&#8243; _module_preset=&#8220;default&#8220; global_colors_info=&#8220;{}&#8220;][et_pb_text _builder_version=&#8220;4.10.8&#8243; _module_preset=&#8220;38be5576-73c4-4040-aefa-5423521f93da&#8220; hover_enabled=&#8220;0&#8243; global_colors_info=&#8220;{}&#8220; sticky_enabled=&#8220;0&#8243;]<\/p>\n<h2>WordPress Agentur Berlin<\/h2>\n<h3>Das meistgenutzte CMS der Welt.<\/h3>\n<p><span>Wir bieten Ihnen die Erstellung von verkaufsstarken und innovativen Webseiten, Blogs und Shops mit WordPress bzw. Woocommerce an. Dieses CMS hat den Vorteil, dass es sich einfach installieren l\u00e4sst und komplett vom Kunden selbst betreut werden kann. Wer eine hochwertige und ma\u00dfgeschneidert erstellte Webseite ben\u00f6tigt, die dabei gut und einfach zu administrieren ist, trifft mit WordPress eine sehr gute Wahl.<\/span><\/p>\n<p>[\/et_pb_text][et_pb_image src=&#8220;https:\/\/www.bajorat-media.com\/wp-content\/uploads\/2020\/04\/wordpress-bloggen-content-marketing-1-1.jpg&#8220; alt=&#8220;WordPress Full-Service&#8220; title_text=&#8220;Das meistgenutzte CMS der Welt.&#8220; _builder_version=&#8220;4.11.1&#8243; _module_preset=&#8220;default&#8220; global_colors_info=&#8220;{}&#8220;][\/et_pb_image][et_pb_text _builder_version=&#8220;4.11.1&#8243; _module_preset=&#8220;38be5576-73c4-4040-aefa-5423521f93da&#8220; custom_padding=&#8220;||9px|||&#8220; global_colors_info=&#8220;{}&#8220;]<\/p>\n<h3>WordPress ist ein weitverbreitetes Content Management System<\/h3>\n<p>Bei WordPress handelt es sich um ein sogenanntes Content Management System (CMS). WordPress Webseiten sind im Vergleich zu vielen anderen Systemen mit einem verh\u00e4ltnism\u00e4\u00dfig geringen Aufwand zu warten und zu installieren. Somit ergibt sich ein klarer Kostenvorteil anderen Systemen gegen\u00fcber.<\/p>\n<p>Bei der WordPress Entwicklung kommen sogenannte Themes zum Einsatz. Ein Theme ist die grafische Oberfl\u00e4che, welche sp\u00e4ter das Design Ihrer Webseite ausmacht. Das Theme beschreibt so gesehen die Darstellung und zum Teil den Funktionsumfang Ihrer Webseite. Wir helfen Ihnen bei der Auswahl eines fertigen Themes sowie der Einrichtung, falls Sie sich f\u00fcr ein fertiges Theme entscheiden sollten. So k\u00f6nnen Sie selber verschiedene Farben w\u00e4hlen, die Bilder austauschen und Elemente, die nicht mehr aktuell sind, vollst\u00e4ndig aus dem Theme entfernen.<\/p>\n<p>Unsere eigentliche Spezialisierung liegt jedoch in individuellen Themes, die genau zu Ihrem Produkt und zu Ihrer Firma passen. Dabei arbeiten wir von Anfang an eng mit Ihnen zusammen, so dass wir eine Internetseite erstellen, die Ihren Vorstellungen und dem Corporate Design Ihrer Firma entspricht. Angefangen bei der Konzeption Ihres Online-Auftritts, \u00fcber das Design und die technische Umsetzung, bis hin zur Entwicklung von Sonderl\u00f6sungen f\u00fcr Ihre WordPress Webseite.<\/p>\n<p>Weitere Informationen zu diesem Thema und unseren Leistungen finden Sie auf unserer<span>\u00a0<\/span><a href=\"\/leistungen\/\">Leistungs\u00fcbersicht.<\/a><\/p>\n<p>[\/et_pb_text][\/et_pb_column][et_pb_column type=&#8220;1_2&#8243; _builder_version=&#8220;4.10.5&#8243; _module_preset=&#8220;default&#8220; global_colors_info=&#8220;{}&#8220;][et_pb_text _builder_version=&#8220;4.10.8&#8243; _module_preset=&#8220;38be5576-73c4-4040-aefa-5423521f93da&#8220; global_colors_info=&#8220;{}&#8220;]<\/p>\n<h2>WordPress<\/h2>\n<h3>Wartung, Pflege und Service<\/h3>\n<p>WordPress funktioniert wie eine Anwendung im Internet. Sie erhalten einen Benutzernamen und ein Passwort und melden sich damit an. Sie kommen nach erfolgreichem Login in Ihr Dashboard. Das ist die Schaltzentrale Ihrer Webseite. Hier kann der Nutzer das Aussehen der Seite \u00e4ndern, neue Funktionen hinzuf\u00fcgen oder andere abschalten. Wir erl\u00e4utern Ihnen gerne die genaue Funktionsweise der einzelnen Bereiche, des sogenannten Backends. Das erfordert nur wenig Zeit, denn die meisten Funktionen erkl\u00e4ren sich fast von selbst.<\/p>\n<p>Zur Wartung &amp; Pflege geh\u00f6rt, dass wir Sie bei den regelm\u00e4\u00dfig anfallenden Wartungsarbeiten im Kontext Ihrer Webseite unterst\u00fctzen. Dazu geh\u00f6ren zum Beispiel regelm\u00e4\u00dfige Updates f\u00fcr die WordPress Core Installation, Ihre Plugins und ggf. auch das Theme. Wir k\u00fcmmern uns um die Einrichtung und Erstellung von regelm\u00e4\u00dfigen Backups, sowie die Absicherung Ihrer Webseite gegen Malware oder andere Gefahren.<\/p>\n<p>Selbstverst\u00e4ndlich helfen wir auch bei den kleinen Dingen im Leben: Gerne aktualisieren wir f\u00fcr Sie die Inhalte auf Ihrer Webseite oder unterst\u00fctzen Sie bei der<span>\u00a0<\/span><a href=\"\/leistungen\/seo-texte-und-texterstellung\/\">Erstellung von neuen Inhalten.<\/a><\/p>\n<h3>Der Funktionsumfang von WordPress<\/h3>\n<p>Mit WordPress nutzen Sie ein CMS mit einem gro\u00dfen Funktionsumfang. Wir erstellen damit eine vollst\u00e4ndige Internetseite, die Sie leicht anpassen und verwalten k\u00f6nnen.<\/p>\n<p>Sogenannte Plugins erweitern die Einsatzm\u00f6glichkeit der Software. So gibt es Plugins um die Texte nach Gesichtspunkten der<span>\u00a0<\/span><a href=\"\/leistungen\/suchmaschinenoptimierung-seo\/\">Suchmaschinenoptimierung<\/a><span>\u00a0<\/span>zu optimieren oder Erweiterungen, mit denen die aktuellen und vergangenen Besucher der Seite erfasst werden.<\/p>\n<p>Hilfreich sind au\u00dferdem Widgets. Dabei handelt es sich um kleine Softwarebestandteile, mit denen sich die Seite zus\u00e4tzlich anpassen l\u00e4sst. Der Webseitenbetreiber kann unter anderem bestimmte Elemente (zum Beispiel HTML-Codes) zur Seitenleiste hinzuf\u00fcgen oder andere dynamische Elemente.<\/p>\n<p>F\u00fcr weitere Fragen zum Thema WordPress Entwicklung stehen wir Ihnen selbstverst\u00e4ndlich gerne zur Verf\u00fcgung.<\/p>\n<p>[\/et_pb_text][\/et_pb_column][\/et_pb_row][\/et_pb_section][et_pb_section fb_built=&#8220;1&#8243; custom_padding_last_edited=&#8220;on|desktop&#8220; prev_background_color=&#8220;#ffffff&#8220; disabled_on=&#8220;off|off|off&#8220; admin_label=&#8220;Footer&#8220; _builder_version=&#8220;4.10.7&#8243; _module_preset=&#8220;default&#8220; use_background_color_gradient=&#8220;on&#8220; background_color_gradient_start=&#8220;rgba(30,143,229,0.8)&#8220; background_color_gradient_end=&#8220;rgba(33,117,155,0.9)&#8220; background_color_gradient_direction=&#8220;130deg&#8220; background_color_gradient_overlays_image=&#8220;on&#8220; background_image=&#8220;https:\/\/www.bajorat-media.com\/wp-content\/uploads\/2021\/06\/ueber-uns-factory-berlin.jpg&#8220; custom_padding=&#8220;16vw||7vw||false|false&#8220; custom_padding_tablet=&#8220;100px||100px||true&#8220; custom_padding_phone=&#8220;||||true&#8220; top_divider_style=&#8220;ramp2&#8243; top_divider_height=&#8220;250px&#8220; top_divider_flip=&#8220;vertical&#8220; top_divider_height_tablet=&#8220;150px&#8220; top_divider_height_phone=&#8220;110px&#8220; top_divider_height_last_edited=&#8220;on|phone&#8220; global_module=&#8220;15280&#8243; saved_tabs=&#8220;all&#8220; global_colors_info=&#8220;{}&#8220;][et_pb_row module_class=&#8220; et_pb_row_fullwidth&#8220; _builder_version=&#8220;3.25&#8243; _module_preset=&#8220;default&#8220; width=&#8220;89%&#8220; width_tablet=&#8220;80%&#8220; width_phone=&#8220;&#8220; width_last_edited=&#8220;on|desktop&#8220; max_width=&#8220;89%&#8220; max_width_tablet=&#8220;80%&#8220; max_width_phone=&#8220;&#8220; max_width_last_edited=&#8220;on|desktop&#8220; custom_margin_phone=&#8220;|||&#8220; custom_margin_last_edited=&#8220;off|desktop&#8220; custom_padding=&#8220;|||&#8220; make_fullwidth=&#8220;on&#8220; global_colors_info=&#8220;{}&#8220;][et_pb_column type=&#8220;4_4&#8243; _builder_version=&#8220;3.25&#8243; _module_preset=&#8220;default&#8220; custom_padding=&#8220;|||&#8220; global_colors_info=&#8220;{}&#8220; custom_padding__hover=&#8220;|||&#8220;][et_pb_text _builder_version=&#8220;4.10.5&#8243; _module_preset=&#8220;3930226d-e9ff-4d87-bef4-1be8103c6a44&#8243; text_font=&#8220;||||||||&#8220; header_font=&#8220;||||||||&#8220; header_2_font=&#8220;Roboto|500|||||||&#8220; header_2_text_color=&#8220;#FFFFFF&#8220; header_2_font_size=&#8220;50px&#8220; header_2_line_height=&#8220;1.4em&#8220; header_3_font=&#8220;Roboto|700||on|||||&#8220; header_3_text_align=&#8220;center&#8220; header_3_text_color=&#8220;#ffffff&#8220; header_3_font_size=&#8220;24px&#8220; header_3_letter_spacing=&#8220;5px&#8220; header_3_line_height=&#8220;2em&#8220; text_orientation=&#8220;center&#8220; background_layout=&#8220;dark&#8220; max_width=&#8220;850px&#8220; module_alignment=&#8220;center&#8220; custom_margin=&#8220;|||&#8220; custom_padding=&#8220;|||&#8220; text_font_size_last_edited=&#8220;off|desktop&#8220; header_2_font_size_tablet=&#8220;40px&#8220; header_2_font_size_phone=&#8220;32px&#8220; header_2_font_size_last_edited=&#8220;on|desktop&#8220; header_3_font_size_tablet=&#8220;16px&#8220; header_3_font_size_phone=&#8220;14px&#8220; header_3_font_size_last_edited=&#8220;on|phone&#8220; global_colors_info=&#8220;{}&#8220;]<\/p>\n<h3>Haben wir Ihr Interesse geweckt?<\/h3>\n<h2>Lassen Sie uns gemeinsam Ihr Projekt angehen!<\/h2>\n<p>[\/et_pb_text][et_pb_button button_url=&#8220;@ET-DC@eyJkeW5hbWljIjp0cnVlLCJjb250ZW50IjoicG9zdF9saW5rX3VybF9wYWdlIiwic2V0dGluZ3MiOnsicG9zdF9pZCI6IjEzNzA5In19@&#8220; button_text=&#8220;Kontaktieren Sie uns!&#8220; button_alignment=&#8220;center&#8220; _builder_version=&#8220;4.10.8&#8243; _dynamic_attributes=&#8220;button_url&#8220; _module_preset=&#8220;a9b497e8-689a-4b57-b697-0be25d7fccd5&#8243; button_letter_spacing_hover=&#8220;5.5px&#8220; global_colors_info=&#8220;{}&#8220; button_text_size__hover_enabled=&#8220;off&#8220; button_one_text_size__hover_enabled=&#8220;off&#8220; button_two_text_size__hover_enabled=&#8220;off&#8220; button_text_color__hover_enabled=&#8220;off&#8220; button_one_text_color__hover_enabled=&#8220;off&#8220; button_two_text_color__hover_enabled=&#8220;off&#8220; button_border_width__hover_enabled=&#8220;off&#8220; button_one_border_width__hover_enabled=&#8220;off&#8220; button_two_border_width__hover_enabled=&#8220;off&#8220; button_border_color__hover_enabled=&#8220;off&#8220; button_one_border_color__hover_enabled=&#8220;off&#8220; button_two_border_color__hover_enabled=&#8220;off&#8220; button_border_radius__hover_enabled=&#8220;off&#8220; button_one_border_radius__hover_enabled=&#8220;off&#8220; button_two_border_radius__hover_enabled=&#8220;off&#8220; button_letter_spacing__hover_enabled=&#8220;off|hover&#8220; button_letter_spacing__hover=&#8220;2px&#8220; button_one_letter_spacing__hover_enabled=&#8220;off&#8220; button_two_letter_spacing__hover_enabled=&#8220;off&#8220; button_bg_color__hover_enabled=&#8220;off&#8220; button_one_bg_color__hover_enabled=&#8220;off&#8220; button_two_bg_color__hover_enabled=&#8220;off&#8220;][\/et_pb_button][\/et_pb_column][\/et_pb_row][\/et_pb_section]<\/p>\n","protected":false},"excerpt":{"rendered":"<p>WordPress Agentur Berlin Sind Sie auf der Suche nach Ihrer neuen WordPress Agentur? Sie haben sie gefunden!WordPress Agentur Berlin Das meistgenutzte CMS der Welt. Wir bieten Ihnen die Erstellung von verkaufsstarken und innovativen Webseiten, Blogs und Shops mit WordPress bzw. Woocommerce an. Dieses CMS hat den Vorteil, dass es sich einfach installieren l\u00e4sst und komplett [&hellip;]<\/p>\n","protected":false},"author":1,"featured_media":0,"parent":13645,"menu_order":0,"comment_status":"closed","ping_status":"closed","template":"","meta":{"_et_pb_use_builder":"on","_et_pb_old_content":"","_et_gb_content_width":"","inline_featured_image":false,"footnotes":""},"class_list":["post-13661","page","type-page","status-publish","hentry"],"_links":{"self":[{"href":"https:\/\/www.bajorat-media.com\/en\/wp-json\/wp\/v2\/pages\/13661","targetHints":{"allow":["GET"]}}],"collection":[{"href":"https:\/\/www.bajorat-media.com\/en\/wp-json\/wp\/v2\/pages"}],"about":[{"href":"https:\/\/www.bajorat-media.com\/en\/wp-json\/wp\/v2\/types\/page"}],"author":[{"embeddable":true,"href":"https:\/\/www.bajorat-media.com\/en\/wp-json\/wp\/v2\/users\/1"}],"replies":[{"embeddable":true,"href":"https:\/\/www.bajorat-media.com\/en\/wp-json\/wp\/v2\/comments?post=13661"}],"version-history":[{"count":12,"href":"https:\/\/www.bajorat-media.com\/en\/wp-json\/wp\/v2\/pages\/13661\/revisions"}],"predecessor-version":[{"id":15581,"href":"https:\/\/www.bajorat-media.com\/en\/wp-json\/wp\/v2\/pages\/13661\/revisions\/15581"}],"up":[{"embeddable":true,"href":"https:\/\/www.bajorat-media.com\/en\/wp-json\/wp\/v2\/pages\/13645"}],"wp:attachment":[{"href":"https:\/\/www.bajorat-media.com\/en\/wp-json\/wp\/v2\/media?parent=13661"}],"curies":[{"name":"wp","href":"https:\/\/api.w.org\/{rel}","templated":true}]}}