{"id":13662,"date":"2021-06-11T23:33:00","date_gmt":"2021-06-11T21:33:00","guid":{"rendered":"https:\/\/www.bajorat-media.com\/?page_id=13662"},"modified":"2021-10-08T11:25:16","modified_gmt":"2021-10-08T09:25:16","slug":"woocommerce","status":"publish","type":"page","link":"https:\/\/www.bajorat-media.com\/en\/services\/woocommerce\/","title":{"rendered":"WooCommerce"},"content":{"rendered":"<p>[et_pb_section fb_built=&#8220;1&#8243; admin_label=&#8220;Header&#8220; _builder_version=&#8220;4.10.6&#8243; _module_preset=&#8220;5686f541-a4a9-4868-af98-d67da22a508d&#8220; saved_tabs=&#8220;all&#8220; global_colors_info=&#8220;{}&#8220;][et_pb_row _builder_version=&#8220;3.25&#8243; global_colors_info=&#8220;{}&#8220;][et_pb_column type=&#8220;4_4&#8243; _builder_version=&#8220;3.25&#8243; custom_padding=&#8220;|||&#8220; global_colors_info=&#8220;{}&#8220; custom_padding__hover=&#8220;|||&#8220;][et_pb_text _builder_version=&#8220;4.10.8&#8243; _module_preset=&#8220;d68d91a6-15bf-43b3-8894-8beca56d4da5&#8243; global_colors_info=&#8220;{}&#8220;]<\/p>\n<h1 style=\"text-align: center;\">WordPress und WooCommerce<\/h1>\n<h2 style=\"text-align: center;\">Gemeinsam ein starkes Team f\u00fcr Ihren E-Commerce Erfolg. Egal wo Ihre Kunden sind, mit einem Online-Shop sind Sie ebenfalls schon da und weltweit verf\u00fcgbar.<\/h2>\n<p>[\/et_pb_text][\/et_pb_column][\/et_pb_row][\/et_pb_section][et_pb_section fb_built=&#8220;1&#8243; _builder_version=&#8220;4.10.5&#8243; _module_preset=&#8220;default&#8220; custom_padding=&#8220;||34px|||&#8220; global_colors_info=&#8220;{}&#8220;][et_pb_row column_structure=&#8220;1_2,1_2&#8243; _builder_version=&#8220;4.10.5&#8243; _module_preset=&#8220;default&#8220; custom_padding=&#8220;||0px|||&#8220; global_colors_info=&#8220;{}&#8220;][et_pb_column type=&#8220;1_2&#8243; _builder_version=&#8220;4.10.5&#8243; _module_preset=&#8220;default&#8220; global_colors_info=&#8220;{}&#8220;][et_pb_text _builder_version=&#8220;4.10.8&#8243; _module_preset=&#8220;38be5576-73c4-4040-aefa-5423521f93da&#8220; global_colors_info=&#8220;{}&#8220;]<\/p>\n<h2>Ihr E-Commerce Einstieg<\/h2>\n<h3>Mit professionellem Online-Shop starten<\/h3>\n<p>Eine ansprechende und informative Webpr\u00e4senz ist f\u00fcr ein erfolgreiches Unternehmen heute unerl\u00e4sslich. Das Internet bietet eine ausgezeichnete M\u00f6glichkeit Neukunden zu gewinnen und Bestandskunden \u00fcber Neuheiten und Aktuelles zu informieren.<\/p>\n<p>Wer Produkte und Dienstleistungen verkauft, sollte seinen Online-Shop ansprechend gestalten, um im Dschungel des World Wide Web`s auch gefunden zu werden. Um die eigene Webseite eindrucksvoll zu pr\u00e4sentieren, bedarf es einer guten Planung und Umsetzung. Gerne \u00fcbernehmen wir als Spezialisten die Erstellung, Pflege und Wartung Ihres Online-Shops, professionell, individuell und zuverl\u00e4ssig. Dabei arbeiten wir mit der Kombination aus der Shop-Software WooCommerce und CMS<span>\u00a0<\/span><a href=\"\/leistungen\/wordpress-berlin\/\">WordPress<\/a>.<\/p>\n<h3>F\u00fcr jeden die optimale Shop L\u00f6sung<\/h3>\n<p>Haben Sie lediglich einen kleinen Online-Shop oder arbeiten Sie als professionelles Versandhandelsunternehmen? Die Anforderungen an Ihre Webpr\u00e4senz und die Abl\u00e4ufe in Ihrem Bestellsystem richten sich nach den ganz speziellen Erfordernissen Ihres Unternehmens. Wichtige Kriterien sind der Funktionsumfang, die Bedienbarkeit, die m\u00f6glicherweise gew\u00fcnschte Mehrsprachigkeit, Produktdarstellung, Suchmaschinenoptimierung, intelligente Suche sowie die M\u00f6glichkeit der Erweiterung.<\/p>\n<p>Support, Zielgruppen und vor allem das Budget m\u00fcssen ber\u00fccksichtigt werden. Wir finden gemeinsam mit Ihnen die optimale L\u00f6sung f\u00fcr Ihren Internet-Shop, von der Erstellung bis zur Wartung.<\/p>\n<p>Als innovative Web-Agentur sitzen wir unter anderem im Herzen Berlins, im ber\u00fchmten StartUp Campus, der Factory Berlin. Gegr\u00fcndet wurde das Unternehmen 2006 in Ostwestfalen Lippe und wird auch weiterhin von hier gef\u00fchrt. In OWL sind wir vor allem in der Region um Bielefeld t\u00e4tig, betreuen unsere Kunden jedoch im gesamten DACH-Raum. Unser Spezialgebiet ist das<span>\u00a0<\/span><a href=\"\/leistungen\/webdesign-und-konzeption\/\">individuelle Webdesign<\/a><span>\u00a0<\/span>und die Entwicklung von<span>\u00a0<\/span><a href=\"\/leistungen\/wordpress-berlin\/\">WordPress Webseiten<\/a>. Wir sind flexibel und lassen uns von Ihren Ideen inspirieren,<span>\u00a0<\/span><a href=\"\/kontakt\/\">nehmen Sie gleich Kontakt zu uns auf<\/a>.<\/p>\n<p>[\/et_pb_text][\/et_pb_column][et_pb_column type=&#8220;1_2&#8243; _builder_version=&#8220;4.10.5&#8243; _module_preset=&#8220;default&#8220; global_colors_info=&#8220;{}&#8220;][et_pb_text _builder_version=&#8220;4.11.1&#8243; _module_preset=&#8220;38be5576-73c4-4040-aefa-5423521f93da&#8220; hover_enabled=&#8220;0&#8243; global_colors_info=&#8220;{}&#8220; sticky_enabled=&#8220;0&#8243;]<\/p>\n<h2>WordPress und WooCommerce<\/h2>\n<h3>Im Gespann ein klasse Team<\/h3>\n<p>Preisg\u00fcnstig zum eigenen Online-Shop mit WooCommerce und<span>\u00a0<\/span><a href=\"\/leistungen\/wordpress-berlin\/\">WordPress<\/a>: Vor allem kleine Firmen tun sich finanziell schwer, wenn es um die Einrichtung einer eigenen Webseite mit Bestellsystem geht. Welche Summe soll investiert werden, wenn am Anfang das Budget eher klein ist.<\/p>\n<p>Die optimale L\u00f6sung hei\u00dft WooCommerce in Kombination mit WordPress. WooCommerce ist auf dem Weg, sich zu einer der erfolgreichsten eCommerce-Plattformen zu entwickeln. Wir setzen Ihren Shop um, basierend auf WordPress und WooCommerce. Gerne \u00fcbernehmen wir die Einrichtung der Grundeinstellungen wie Steuern, Versandoptionen und Kasse, das Anlegen der Produkte, die Nutzung von Gutscheinen und die Bestellverwaltung.<\/p>\n<p><img decoding=\"async\" src=\"https:\/\/www.bajorat-media.com\/wp-content\/uploads\/2021\/10\/woocommerce-ecommerce-1024x724.png\" width=\"1024\" height=\"724\" alt=\"Shopsysteme mit WordPress und WooCommerce\" title=\"Shopsysteme mit WordPress und WooCommerce\" class=\"wp-image-15325 alignnone size-large\" srcset=\"https:\/\/www.bajorat-media.com\/wp-content\/uploads\/2021\/10\/woocommerce-ecommerce-1024x724.png 1024w, https:\/\/www.bajorat-media.com\/wp-content\/uploads\/2021\/10\/woocommerce-ecommerce-980x693.png 980w, https:\/\/www.bajorat-media.com\/wp-content\/uploads\/2021\/10\/woocommerce-ecommerce-480x339.png 480w\" sizes=\"(min-width: 0px) and (max-width: 480px) 480px, (min-width: 481px) and (max-width: 980px) 980px, (min-width: 981px) 1024px, 100vw\" \/><\/p>\n<p>Zus\u00e4tzlich ist das Arbeiten mit externen, variablen und Affiliate-Produkten m\u00f6glich. Sie haben die M\u00f6glichkeit der Erweiterung durch zus\u00e4tzliche Plugins. Marketing-Werkzeuge stehen ebenfalls zur Verf\u00fcgung.<\/p>\n<p>Wir erstellen Ihnen eine ansprechende Produktpr\u00e4sentation und<span>\u00a0<\/span><a href=\"\/leistungen\/seo-texte-und-texterstellung\/\">erfolgreiche Texte<\/a>. Der Vorteil, ein Online-Shop der mit WooCommerce erstellt wird, ist f\u00fcr jeden erschwinglich.[\/et_pb_text][\/et_pb_column][\/et_pb_row][\/et_pb_section][et_pb_section fb_built=&#8220;1&#8243; custom_padding_last_edited=&#8220;on|desktop&#8220; prev_background_color=&#8220;#ffffff&#8220; disabled_on=&#8220;off|off|off&#8220; admin_label=&#8220;Footer&#8220; _builder_version=&#8220;4.10.7&#8243; _module_preset=&#8220;default&#8220; use_background_color_gradient=&#8220;on&#8220; background_color_gradient_start=&#8220;rgba(30,143,229,0.8)&#8220; background_color_gradient_end=&#8220;rgba(33,117,155,0.9)&#8220; background_color_gradient_direction=&#8220;130deg&#8220; background_color_gradient_overlays_image=&#8220;on&#8220; background_image=&#8220;https:\/\/www.bajorat-media.com\/wp-content\/uploads\/2021\/06\/ueber-uns-factory-berlin.jpg&#8220; custom_padding=&#8220;16vw||7vw||false|false&#8220; custom_padding_tablet=&#8220;100px||100px||true&#8220; custom_padding_phone=&#8220;||||true&#8220; top_divider_style=&#8220;ramp2&#8243; top_divider_height=&#8220;250px&#8220; top_divider_flip=&#8220;vertical&#8220; top_divider_height_tablet=&#8220;150px&#8220; top_divider_height_phone=&#8220;110px&#8220; top_divider_height_last_edited=&#8220;on|phone&#8220; global_module=&#8220;15280&#8243; saved_tabs=&#8220;all&#8220; global_colors_info=&#8220;{}&#8220;][et_pb_row module_class=&#8220; et_pb_row_fullwidth&#8220; _builder_version=&#8220;3.25&#8243; _module_preset=&#8220;default&#8220; width=&#8220;89%&#8220; width_tablet=&#8220;80%&#8220; width_phone=&#8220;&#8220; width_last_edited=&#8220;on|desktop&#8220; max_width=&#8220;89%&#8220; max_width_tablet=&#8220;80%&#8220; max_width_phone=&#8220;&#8220; max_width_last_edited=&#8220;on|desktop&#8220; custom_margin_phone=&#8220;|||&#8220; custom_margin_last_edited=&#8220;off|desktop&#8220; custom_padding=&#8220;|||&#8220; make_fullwidth=&#8220;on&#8220; global_colors_info=&#8220;{}&#8220;][et_pb_column type=&#8220;4_4&#8243; _builder_version=&#8220;3.25&#8243; _module_preset=&#8220;default&#8220; custom_padding=&#8220;|||&#8220; global_colors_info=&#8220;{}&#8220; custom_padding__hover=&#8220;|||&#8220;][et_pb_text _builder_version=&#8220;4.10.5&#8243; _module_preset=&#8220;3930226d-e9ff-4d87-bef4-1be8103c6a44&#8243; text_font=&#8220;||||||||&#8220; header_font=&#8220;||||||||&#8220; header_2_font=&#8220;Roboto|500|||||||&#8220; header_2_text_color=&#8220;#FFFFFF&#8220; header_2_font_size=&#8220;50px&#8220; header_2_line_height=&#8220;1.4em&#8220; header_3_font=&#8220;Roboto|700||on|||||&#8220; header_3_text_align=&#8220;center&#8220; header_3_text_color=&#8220;#ffffff&#8220; header_3_font_size=&#8220;24px&#8220; header_3_letter_spacing=&#8220;5px&#8220; header_3_line_height=&#8220;2em&#8220; text_orientation=&#8220;center&#8220; background_layout=&#8220;dark&#8220; max_width=&#8220;850px&#8220; module_alignment=&#8220;center&#8220; custom_margin=&#8220;|||&#8220; custom_padding=&#8220;|||&#8220; text_font_size_last_edited=&#8220;off|desktop&#8220; header_2_font_size_tablet=&#8220;40px&#8220; header_2_font_size_phone=&#8220;32px&#8220; header_2_font_size_last_edited=&#8220;on|desktop&#8220; header_3_font_size_tablet=&#8220;16px&#8220; header_3_font_size_phone=&#8220;14px&#8220; header_3_font_size_last_edited=&#8220;on|phone&#8220; global_colors_info=&#8220;{}&#8220;]<\/p>\n<h3>Haben wir Ihr Interesse geweckt?<\/h3>\n<h2>Lassen Sie uns gemeinsam Ihr Projekt angehen!<\/h2>\n<p>[\/et_pb_text][et_pb_button button_url=&#8220;@ET-DC@eyJkeW5hbWljIjp0cnVlLCJjb250ZW50IjoicG9zdF9saW5rX3VybF9wYWdlIiwic2V0dGluZ3MiOnsicG9zdF9pZCI6IjEzNzA5In19@&#8220; button_text=&#8220;Kontaktieren Sie uns!&#8220; button_alignment=&#8220;center&#8220; _builder_version=&#8220;4.10.8&#8243; _dynamic_attributes=&#8220;button_url&#8220; _module_preset=&#8220;a9b497e8-689a-4b57-b697-0be25d7fccd5&#8243; button_letter_spacing_hover=&#8220;5.5px&#8220; global_colors_info=&#8220;{}&#8220; button_text_size__hover_enabled=&#8220;off&#8220; button_one_text_size__hover_enabled=&#8220;off&#8220; button_two_text_size__hover_enabled=&#8220;off&#8220; button_text_color__hover_enabled=&#8220;off&#8220; button_one_text_color__hover_enabled=&#8220;off&#8220; button_two_text_color__hover_enabled=&#8220;off&#8220; button_border_width__hover_enabled=&#8220;off&#8220; button_one_border_width__hover_enabled=&#8220;off&#8220; button_two_border_width__hover_enabled=&#8220;off&#8220; button_border_color__hover_enabled=&#8220;off&#8220; button_one_border_color__hover_enabled=&#8220;off&#8220; button_two_border_color__hover_enabled=&#8220;off&#8220; button_border_radius__hover_enabled=&#8220;off&#8220; button_one_border_radius__hover_enabled=&#8220;off&#8220; button_two_border_radius__hover_enabled=&#8220;off&#8220; button_letter_spacing__hover_enabled=&#8220;off|hover&#8220; button_letter_spacing__hover=&#8220;2px&#8220; button_one_letter_spacing__hover_enabled=&#8220;off&#8220; button_two_letter_spacing__hover_enabled=&#8220;off&#8220; button_bg_color__hover_enabled=&#8220;off&#8220; button_one_bg_color__hover_enabled=&#8220;off&#8220; button_two_bg_color__hover_enabled=&#8220;off&#8220;][\/et_pb_button][\/et_pb_column][\/et_pb_row][\/et_pb_section]<\/p>\n","protected":false},"excerpt":{"rendered":"<p>WordPress und WooCommerce Gemeinsam ein starkes Team f\u00fcr Ihren E-Commerce Erfolg. Egal wo Ihre Kunden sind, mit einem Online-Shop sind Sie ebenfalls schon da und weltweit verf\u00fcgbar.Ihr E-Commerce Einstieg Mit professionellem Online-Shop starten Eine ansprechende und informative Webpr\u00e4senz ist f\u00fcr ein erfolgreiches Unternehmen heute unerl\u00e4sslich. Das Internet bietet eine ausgezeichnete M\u00f6glichkeit Neukunden zu gewinnen und [&hellip;]<\/p>\n","protected":false},"author":1,"featured_media":0,"parent":13645,"menu_order":0,"comment_status":"closed","ping_status":"closed","template":"","meta":{"_et_pb_use_builder":"on","_et_pb_old_content":"","_et_gb_content_width":"","inline_featured_image":false,"footnotes":""},"class_list":["post-13662","page","type-page","status-publish","hentry"],"_links":{"self":[{"href":"https:\/\/www.bajorat-media.com\/en\/wp-json\/wp\/v2\/pages\/13662","targetHints":{"allow":["GET"]}}],"collection":[{"href":"https:\/\/www.bajorat-media.com\/en\/wp-json\/wp\/v2\/pages"}],"about":[{"href":"https:\/\/www.bajorat-media.com\/en\/wp-json\/wp\/v2\/types\/page"}],"author":[{"embeddable":true,"href":"https:\/\/www.bajorat-media.com\/en\/wp-json\/wp\/v2\/users\/1"}],"replies":[{"embeddable":true,"href":"https:\/\/www.bajorat-media.com\/en\/wp-json\/wp\/v2\/comments?post=13662"}],"version-history":[{"count":15,"href":"https:\/\/www.bajorat-media.com\/en\/wp-json\/wp\/v2\/pages\/13662\/revisions"}],"predecessor-version":[{"id":15337,"href":"https:\/\/www.bajorat-media.com\/en\/wp-json\/wp\/v2\/pages\/13662\/revisions\/15337"}],"up":[{"embeddable":true,"href":"https:\/\/www.bajorat-media.com\/en\/wp-json\/wp\/v2\/pages\/13645"}],"wp:attachment":[{"href":"https:\/\/www.bajorat-media.com\/en\/wp-json\/wp\/v2\/media?parent=13662"}],"curies":[{"name":"wp","href":"https:\/\/api.w.org\/{rel}","templated":true}]}}