{"id":13663,"date":"2021-06-11T23:33:00","date_gmt":"2021-06-11T21:33:00","guid":{"rendered":"https:\/\/www.bajorat-media.com\/?page_id=13663"},"modified":"2021-10-15T21:55:51","modified_gmt":"2021-10-15T19:55:51","slug":"wordpress-inspection-auditing","status":"publish","type":"page","link":"https:\/\/www.bajorat-media.com\/en\/services\/wordpress-inspection-auditing\/","title":{"rendered":"WordPress inspection auditing"},"content":{"rendered":"<p>[et_pb_section fb_built=&#8220;1&#8243; admin_label=&#8220;Header&#8220; _builder_version=&#8220;4.10.6&#8243; _module_preset=&#8220;5686f541-a4a9-4868-af98-d67da22a508d&#8220; saved_tabs=&#8220;all&#8220; global_colors_info=&#8220;{}&#8220;][et_pb_row _builder_version=&#8220;3.25&#8243; global_colors_info=&#8220;{}&#8220;][et_pb_column type=&#8220;4_4&#8243; _builder_version=&#8220;3.25&#8243; custom_padding=&#8220;|||&#8220; global_colors_info=&#8220;{}&#8220; custom_padding__hover=&#8220;|||&#8220;][et_pb_text _builder_version=&#8220;4.10.8&#8243; _module_preset=&#8220;d68d91a6-15bf-43b3-8894-8beca56d4da5&#8243; global_colors_info=&#8220;{}&#8220;]<\/p>\n<h1 style=\"text-align: center;\">WordPress Inspektion und Auditing<\/h1>\n<div class=\"fs_headline_container\" id=\"small_header\">\n<h2 style=\"text-align: center;\">Wir pr\u00fcfen Ihre WordPress Webseite und f\u00fchren Code-Reviews f\u00fcr eine bessere Sicherheit, Performance und einwandfreien Betrieb durch.<\/h2>\n<\/div>\n<p>&nbsp;<\/p>\n<p>[\/et_pb_text][\/et_pb_column][\/et_pb_row][\/et_pb_section][et_pb_section fb_built=&#8220;1&#8243; _builder_version=&#8220;4.10.5&#8243; _module_preset=&#8220;default&#8220; custom_padding=&#8220;||21px|||&#8220; global_colors_info=&#8220;{}&#8220;][et_pb_row column_structure=&#8220;1_2,1_2&#8243; _builder_version=&#8220;4.10.5&#8243; _module_preset=&#8220;default&#8220; global_colors_info=&#8220;{}&#8220;][et_pb_column type=&#8220;1_2&#8243; _builder_version=&#8220;4.10.5&#8243; _module_preset=&#8220;default&#8220; global_colors_info=&#8220;{}&#8220;][et_pb_text _builder_version=&#8220;4.10.8&#8243; _module_preset=&#8220;38be5576-73c4-4040-aefa-5423521f93da&#8220; global_colors_info=&#8220;{}&#8220;]<\/p>\n<h2>WordPress Inspektion \/ Auditing<\/h2>\n<h3>Inspektion, Audits und Code-Reviews<\/h3>\n<p>Sie sind unzufrieden mit Ihrer aktuellen WordPress-Webseite und haben eines oder gleich mehrere der folgenden Probleme:<\/p>\n<ul>\n<li>Sie machen sich Sorgen um die Sicherheit Ihrer Webseite?<\/li>\n<li>Ihre Webseite wurde bereits gehackt oder durch Malware infiziert?<\/li>\n<li><a href=\"\/leistungen\/performance-optimierung\/\">Ihre Webseite ist langsam und inperformant?<\/a><\/li>\n<li>Die Software Ihrer Installation (WP oder Plugins) ist veraltet?<\/li>\n<li>Sie haben Probleme mit Ihrem Ranking in den Suchmaschinen?<\/li>\n<\/ul>\n<p>Wenn Sie diese oder \u00e4hnliche Fragen besch\u00e4ftigen, dann ist es Zeit f\u00fcr eine WordPress Inspektion!<\/p>\n<p>Im Rahmen eines detaillierten Audits \u00fcberpr\u00fcfen wir Ihre Webseite und die bestehenden Prozesse. Anschlie\u00dfend erhalten Sie von uns einen umfangreichen Report.<\/p>\n<p>[\/et_pb_text][et_pb_image src=&#8220;https:\/\/www.bajorat-media.com\/wp-content\/uploads\/2021\/10\/wordpress-inspektion-auditing.png&#8220; alt=&#8220;WordPress Inspektion \/ Auditing&#8220; title_text=&#8220;WordPress Inspektion \/ Auditing&#8220; _builder_version=&#8220;4.11.1&#8243; _module_preset=&#8220;default&#8220; global_colors_info=&#8220;{}&#8220;][\/et_pb_image][et_pb_text _builder_version=&#8220;4.11.1&#8243; _module_preset=&#8220;38be5576-73c4-4040-aefa-5423521f93da&#8220; global_colors_info=&#8220;{}&#8220;]<\/p>\n<h3>Ablauf eines WordPress Audits im Detail<\/h3>\n<p><span>Jedem Audit geht in der Regel ein konkretes Problem voraus oder aber der allgemeine Wunsch nach Verbesserungen auf der eigenen Webseite. Gemeinsam er\u00f6rtern wir Ihre konkreten Probleme und W\u00fcnsche. Im Anschluss daran wird eine entsprechende Analyse Ihrer Webseite geplant.<\/span><\/p>\n<p>Im Rahmen der WordPress Inspektion \/ Audits pr\u00fcfen wir Ihre Webseite auf Herz und Nieren. Dabei ist der Fokus klar auf eine L\u00f6sungsstrategie f\u00fcr Ihre Probleme und W\u00fcnsche gerichtet.<\/p>\n<p>Im Anschluss aller Pr\u00fcfungen und Analysen erhalten Sie von uns einen Bericht mit Punkten, welche entsprechendes Optimierungspotential darstellen. Nun k\u00f6nnen konkrete Optimierungsarbeiten geplant und durchgef\u00fchrt werden.<\/p>\n<p>[\/et_pb_text][\/et_pb_column][et_pb_column type=&#8220;1_2&#8243; _builder_version=&#8220;4.10.5&#8243; _module_preset=&#8220;default&#8220; global_colors_info=&#8220;{}&#8220;][et_pb_text _builder_version=&#8220;4.10.8&#8243; _module_preset=&#8220;38be5576-73c4-4040-aefa-5423521f93da&#8220; global_colors_info=&#8220;{}&#8220;]<\/p>\n<h2>Regelm\u00e4\u00dfige Inspektion<\/h2>\n<h3>Einmalige und regelm\u00e4\u00dfige Analysen<\/h3>\n<p>Es gibt ebenso viele Gr\u00fcnde f\u00fcr ein einmaliges und tiefgreifendes Auditing, wie es Gr\u00fcnde f\u00fcr eine regelm\u00e4\u00dfige WordPress Inspektion gibt.<\/p>\n<p>Ein einmaliges Auditing verfolgt in der Regel ein ganz konkretes Problem, welches gel\u00f6st werden soll. Am Ende steht eine entsprechende L\u00f6sungsstrategie und die Umsetzung wird geplant.<\/p>\n<p>Regelm\u00e4\u00dfige Inspektionen gehen, entgegen vieler Erwartungen, \u00fcber die reine<span>\u00a0<\/span><a href=\"\/leistungen\/wordpress-wartung\/\">WordPress-Wartung<\/a><span>\u00a0<\/span>hinaus.<\/p>\n<h3>WordPress Inspektion: Die Mechanik im Detail<\/h3>\n<p>Stellen Sie sich Ihre WP-Installation im \u00fcbertragenen Sinne wie ein Auto vor. Dieses muss auch f\u00fcr regelm\u00e4\u00dfige Inspektionen eine Werkstatt aufsuchen.<\/p>\n<p>Zwar gibt es in WordPress keine Verschlei\u00dfteile die regelm\u00e4\u00dfig getauscht werden m\u00fcssten, daf\u00fcr allerdings andere Bereiche, die einer regelm\u00e4\u00dfigen Pr\u00fcfung bed\u00fcrfen.<\/p>\n<p>Mit der Zeit entstehen bei h\u00f6her frequentierten und umfangreicheren Seiten schnell Fehler im OnPage Bereich. Weiterhin k\u00f6nnen sich im Laufe der Zeit bessere L\u00f6sungen oder Plugins f\u00fcr bestehende Funktionen ergeben.<\/p>\n<h3>Nehmen Sie Kontakt zu uns auf<\/h3>\n<p>Sie haben Interesse an einem Auditing, einer regelm\u00e4\u00dfigen WordPress Inspektion oder<span>\u00a0<\/span><a href=\"\/leistungen\/wordpress-wartung\/\">WordPress-Wartungsarbeiten<\/a>? Dann treten Sie jetzt mit uns in Kontakt. Gerne besprechen und planen wir gemeinsam mit Ihnen Ihr Projekt!<\/p>\n<p>[\/et_pb_text][\/et_pb_column][\/et_pb_row][\/et_pb_section][et_pb_section fb_built=&#8220;1&#8243; custom_padding_last_edited=&#8220;on|desktop&#8220; prev_background_color=&#8220;#ffffff&#8220; disabled_on=&#8220;off|off|off&#8220; admin_label=&#8220;Footer&#8220; _builder_version=&#8220;4.10.7&#8243; _module_preset=&#8220;default&#8220; use_background_color_gradient=&#8220;on&#8220; background_color_gradient_start=&#8220;rgba(30,143,229,0.8)&#8220; background_color_gradient_end=&#8220;rgba(33,117,155,0.9)&#8220; background_color_gradient_direction=&#8220;130deg&#8220; background_color_gradient_overlays_image=&#8220;on&#8220; background_image=&#8220;https:\/\/www.bajorat-media.com\/wp-content\/uploads\/2021\/06\/ueber-uns-factory-berlin.jpg&#8220; custom_padding=&#8220;16vw||7vw||false|false&#8220; custom_padding_tablet=&#8220;100px||100px||true&#8220; custom_padding_phone=&#8220;||||true&#8220; top_divider_style=&#8220;ramp2&#8243; top_divider_height=&#8220;250px&#8220; top_divider_flip=&#8220;vertical&#8220; top_divider_height_tablet=&#8220;150px&#8220; top_divider_height_phone=&#8220;110px&#8220; top_divider_height_last_edited=&#8220;on|phone&#8220; global_module=&#8220;15280&#8243; saved_tabs=&#8220;all&#8220; global_colors_info=&#8220;{}&#8220;][et_pb_row module_class=&#8220; et_pb_row_fullwidth&#8220; _builder_version=&#8220;3.25&#8243; _module_preset=&#8220;default&#8220; width=&#8220;89%&#8220; width_tablet=&#8220;80%&#8220; width_phone=&#8220;&#8220; width_last_edited=&#8220;on|desktop&#8220; max_width=&#8220;89%&#8220; max_width_tablet=&#8220;80%&#8220; max_width_phone=&#8220;&#8220; max_width_last_edited=&#8220;on|desktop&#8220; custom_margin_phone=&#8220;|||&#8220; custom_margin_last_edited=&#8220;off|desktop&#8220; custom_padding=&#8220;|||&#8220; make_fullwidth=&#8220;on&#8220; global_colors_info=&#8220;{}&#8220;][et_pb_column type=&#8220;4_4&#8243; _builder_version=&#8220;3.25&#8243; _module_preset=&#8220;default&#8220; custom_padding=&#8220;|||&#8220; global_colors_info=&#8220;{}&#8220; custom_padding__hover=&#8220;|||&#8220;][et_pb_text _builder_version=&#8220;4.10.5&#8243; _module_preset=&#8220;3930226d-e9ff-4d87-bef4-1be8103c6a44&#8243; text_font=&#8220;||||||||&#8220; header_font=&#8220;||||||||&#8220; header_2_font=&#8220;Roboto|500|||||||&#8220; header_2_text_color=&#8220;#FFFFFF&#8220; header_2_font_size=&#8220;50px&#8220; header_2_line_height=&#8220;1.4em&#8220; header_3_font=&#8220;Roboto|700||on|||||&#8220; header_3_text_align=&#8220;center&#8220; header_3_text_color=&#8220;#ffffff&#8220; header_3_font_size=&#8220;24px&#8220; header_3_letter_spacing=&#8220;5px&#8220; header_3_line_height=&#8220;2em&#8220; text_orientation=&#8220;center&#8220; background_layout=&#8220;dark&#8220; max_width=&#8220;850px&#8220; module_alignment=&#8220;center&#8220; custom_margin=&#8220;|||&#8220; custom_padding=&#8220;|||&#8220; text_font_size_last_edited=&#8220;off|desktop&#8220; header_2_font_size_tablet=&#8220;40px&#8220; header_2_font_size_phone=&#8220;32px&#8220; header_2_font_size_last_edited=&#8220;on|desktop&#8220; header_3_font_size_tablet=&#8220;16px&#8220; header_3_font_size_phone=&#8220;14px&#8220; header_3_font_size_last_edited=&#8220;on|phone&#8220; global_colors_info=&#8220;{}&#8220;]<\/p>\n<h3>Haben wir Ihr Interesse geweckt?<\/h3>\n<h2>Lassen Sie uns gemeinsam Ihr Projekt angehen!<\/h2>\n<p>[\/et_pb_text][et_pb_button button_url=&#8220;@ET-DC@eyJkeW5hbWljIjp0cnVlLCJjb250ZW50IjoicG9zdF9saW5rX3VybF9wYWdlIiwic2V0dGluZ3MiOnsicG9zdF9pZCI6IjEzNzA5In19@&#8220; button_text=&#8220;Kontaktieren Sie uns!&#8220; button_alignment=&#8220;center&#8220; _builder_version=&#8220;4.10.8&#8243; _dynamic_attributes=&#8220;button_url&#8220; _module_preset=&#8220;a9b497e8-689a-4b57-b697-0be25d7fccd5&#8243; button_letter_spacing_hover=&#8220;5.5px&#8220; global_colors_info=&#8220;{}&#8220; button_text_size__hover_enabled=&#8220;off&#8220; button_one_text_size__hover_enabled=&#8220;off&#8220; button_two_text_size__hover_enabled=&#8220;off&#8220; button_text_color__hover_enabled=&#8220;off&#8220; button_one_text_color__hover_enabled=&#8220;off&#8220; button_two_text_color__hover_enabled=&#8220;off&#8220; button_border_width__hover_enabled=&#8220;off&#8220; button_one_border_width__hover_enabled=&#8220;off&#8220; button_two_border_width__hover_enabled=&#8220;off&#8220; button_border_color__hover_enabled=&#8220;off&#8220; button_one_border_color__hover_enabled=&#8220;off&#8220; button_two_border_color__hover_enabled=&#8220;off&#8220; button_border_radius__hover_enabled=&#8220;off&#8220; button_one_border_radius__hover_enabled=&#8220;off&#8220; button_two_border_radius__hover_enabled=&#8220;off&#8220; button_letter_spacing__hover_enabled=&#8220;off|hover&#8220; button_letter_spacing__hover=&#8220;2px&#8220; button_one_letter_spacing__hover_enabled=&#8220;off&#8220; button_two_letter_spacing__hover_enabled=&#8220;off&#8220; button_bg_color__hover_enabled=&#8220;off&#8220; button_one_bg_color__hover_enabled=&#8220;off&#8220; button_two_bg_color__hover_enabled=&#8220;off&#8220;][\/et_pb_button][\/et_pb_column][\/et_pb_row][\/et_pb_section]<\/p>\n","protected":false},"excerpt":{"rendered":"<p>WordPress Inspektion und Auditing Wir pr\u00fcfen Ihre WordPress Webseite und f\u00fchren Code-Reviews f\u00fcr eine bessere Sicherheit, Performance und einwandfreien Betrieb durch. &nbsp;WordPress Inspektion \/ Auditing Inspektion, Audits und Code-Reviews Sie sind unzufrieden mit Ihrer aktuellen WordPress-Webseite und haben eines oder gleich mehrere der folgenden Probleme: Sie machen sich Sorgen um die Sicherheit Ihrer Webseite? Ihre [&hellip;]<\/p>\n","protected":false},"author":1,"featured_media":0,"parent":13645,"menu_order":0,"comment_status":"closed","ping_status":"closed","template":"","meta":{"_et_pb_use_builder":"on","_et_pb_old_content":"","_et_gb_content_width":"","inline_featured_image":false,"footnotes":""},"class_list":["post-13663","page","type-page","status-publish","hentry"],"_links":{"self":[{"href":"https:\/\/www.bajorat-media.com\/en\/wp-json\/wp\/v2\/pages\/13663","targetHints":{"allow":["GET"]}}],"collection":[{"href":"https:\/\/www.bajorat-media.com\/en\/wp-json\/wp\/v2\/pages"}],"about":[{"href":"https:\/\/www.bajorat-media.com\/en\/wp-json\/wp\/v2\/types\/page"}],"author":[{"embeddable":true,"href":"https:\/\/www.bajorat-media.com\/en\/wp-json\/wp\/v2\/users\/1"}],"replies":[{"embeddable":true,"href":"https:\/\/www.bajorat-media.com\/en\/wp-json\/wp\/v2\/comments?post=13663"}],"version-history":[{"count":10,"href":"https:\/\/www.bajorat-media.com\/en\/wp-json\/wp\/v2\/pages\/13663\/revisions"}],"predecessor-version":[{"id":15584,"href":"https:\/\/www.bajorat-media.com\/en\/wp-json\/wp\/v2\/pages\/13663\/revisions\/15584"}],"up":[{"embeddable":true,"href":"https:\/\/www.bajorat-media.com\/en\/wp-json\/wp\/v2\/pages\/13645"}],"wp:attachment":[{"href":"https:\/\/www.bajorat-media.com\/en\/wp-json\/wp\/v2\/media?parent=13663"}],"curies":[{"name":"wp","href":"https:\/\/api.w.org\/{rel}","templated":true}]}}