{"id":13668,"date":"2021-06-11T23:33:00","date_gmt":"2021-06-11T21:33:00","guid":{"rendered":"https:\/\/www.bajorat-media.com\/?page_id=13668"},"modified":"2022-06-13T11:37:28","modified_gmt":"2022-06-13T09:37:28","slug":"webhosting-and-wordpress-hosting","status":"publish","type":"page","link":"https:\/\/www.bajorat-media.com\/en\/services\/webhosting-and-wordpress-hosting\/","title":{"rendered":"Web Hosting and WordPress Hosting"},"content":{"rendered":"<p>[et_pb_section fb_built=&#8220;1&#8243; admin_label=&#8220;Header&#8220; _builder_version=&#8220;4.16&#8243; _module_preset=&#8220;5686f541-a4a9-4868-af98-d67da22a508d&#8220; saved_tabs=&#8220;all&#8220; global_colors_info=&#8220;{}&#8220;][et_pb_row _builder_version=&#8220;4.16&#8243; global_colors_info=&#8220;{}&#8220;][et_pb_column type=&#8220;4_4&#8243; _builder_version=&#8220;4.16&#8243; custom_padding=&#8220;|||&#8220; global_colors_info=&#8220;{}&#8220; custom_padding__hover=&#8220;|||&#8220;][et_pb_text _builder_version=&#8220;4.17.4&#8243; _module_preset=&#8220;d68d91a6-15bf-43b3-8894-8beca56d4da5&#8243; hover_enabled=&#8220;0&#8243; global_colors_info=&#8220;{}&#8220; sticky_enabled=&#8220;0&#8243;]<\/p>\n<h1 style=\"text-align: center;\">Webhosting und WordPress-Hosting<\/h1>\n<h2 style=\"text-align: center;\">Schnelles und hochverf\u00fcgbares Webhosting f\u00fcr WordPress mit Apache, NGINX, MariaDB und PHP 8<\/h2>\n<p>[\/et_pb_text][\/et_pb_column][\/et_pb_row][\/et_pb_section][et_pb_section fb_built=&#8220;1&#8243; next_background_color=&#8220;#ffffff&#8220; _builder_version=&#8220;4.16&#8243; _module_preset=&#8220;default&#8220; use_background_color_gradient=&#8220;on&#8220; background_color_gradient_stops=&#8220;#ffffff 81%|#f2f2fa 100%&#8220; background_color_gradient_start=&#8220;#ffffff&#8220; background_color_gradient_start_position=&#8220;81%&#8220; background_color_gradient_end=&#8220;#f2f2fa&#8220; custom_padding=&#8220;||100px||false|false&#8220; bottom_divider_style=&#8220;ramp&#8220; global_colors_info=&#8220;{}&#8220;][et_pb_row column_structure=&#8220;1_2,1_2&#8243; _builder_version=&#8220;4.16&#8243; _module_preset=&#8220;default&#8220; global_colors_info=&#8220;{}&#8220;][et_pb_column type=&#8220;1_2&#8243; _builder_version=&#8220;4.16&#8243; _module_preset=&#8220;default&#8220; global_colors_info=&#8220;{}&#8220;][et_pb_text _builder_version=&#8220;4.16&#8243; _module_preset=&#8220;38be5576-73c4-4040-aefa-5423521f93da&#8220; border_color_all=&#8220;#FFFFFF&#8220; global_colors_info=&#8220;{}&#8220;]<\/p>\n<h2>Webhosting<\/h2>\n<h3>Web- und WordPress-Hosting<\/h3>\n<p>Unter dem Oberbegriff Webhosting bzw. Hosting werden die Leistungen beschrieben, die daf\u00fcr notwendig sind Ihre Webseite 24 Stunden rund um die Uhr online erreichbar zu machen. Konkret geht es um den Online-Speicher und die Server, welche Ihre Webseite ausliefern. Bei Webseiten, Online-Anwendungen oder<span>\u00a0<\/span><a href=\"\/leistungen\/woocommerce\/\">E-Commerce<\/a><span>\u00a0<\/span>Projekten kann jeder Ausfall den Verlust potentieller Kunden sowie entsprechender Ums\u00e4tze bedeuten.<\/p>\n<p>Daher ist es wichtig, einen zuverl\u00e4ssigen Partner an der Seite zu haben, der sich um eine permanente Verf\u00fcgbarkeit Ihrer Webseiten und Dienste sowie deren Performance k\u00fcmmert. F\u00fcr ein optimales Ergebnis und h\u00f6chstm\u00f6gliche Performance m\u00fcssen Webseiten \/ Webanwendungen und Hosting-L\u00f6sungen genau aufeinander abgestimmt sein.<\/p>\n<p>[\/et_pb_text][et_pb_image src=&#8220;https:\/\/www.bajorat-media.com\/wp-content\/uploads\/2020\/06\/wordpress-hosting.png&#8220; alt=&#8220;WordPress-Hosting&#8220; title_text=&#8220;WordPress-Hosting&#8220; _builder_version=&#8220;4.16&#8243; _module_preset=&#8220;default&#8220; custom_margin=&#8220;||3px|||&#8220; global_colors_info=&#8220;{}&#8220;][\/et_pb_image][et_pb_text _builder_version=&#8220;4.16&#8243; _module_preset=&#8220;38be5576-73c4-4040-aefa-5423521f93da&#8220; global_colors_info=&#8220;{}&#8220;]<\/p>\n<p>Wichtig ist ein gutes Zusammenspiel zwischen den Software- und Hardware-Komponenten der Server sowie der Anbindung des Rechenzentrums an das Internet und Ihrer Webseite.<\/p>\n<p>Um in diesem Bereich h\u00f6chsten Anspr\u00fcchen zu entsprechen, betreiben wir in einem Rechenzentrum in Frankfurt am Main eigene und hochskalierbare Cloud-Server-Systeme. Unsere Server-Systeme sind speziell auf WordPress optimiert und bieten konkurzenlose Spitzen-Performance sowie Komfortfunktionen zur einfachen Verwaltung von WordPress.<\/p>\n<p>Weiterhin pflegen wir gute Kontakte und Partnerschaften zu den aktuellen Marktf\u00fchrern der WordPress-Hosting-Branche, dazu z\u00e4hlen unter anderem<span>\u00a0<\/span><a href=\"https:\/\/pxlme.me\/jnsMey7U\" target=\"_blank\" rel=\"noopener noreferrer\">webgo<\/a><span>\u00a0<\/span>und<span>\u00a0<\/span><a href=\"https:\/\/pxlme.me\/6ZM5J9LB\" target=\"_blank\" rel=\"noopener noreferrer\">Raidboxes<\/a>.<\/p>\n<p>Im Rahmen unseres Full-Service-Konzepts f\u00fcr die<span>\u00a0<\/span><a href=\"\/leistungen\/\">WordPress-Entwicklung<\/a><span>\u00a0<\/span>k\u00f6nnen wir Ihnen somit im Bereich Web- und WordPress-Hosting entweder ein Hosting auf unseren speziell optimierten Servern anbieten, f\u00fcr gr\u00f6\u00dfere Projekte eigene Infrastruktur einrichten oder Sie bei einem unserer Partner betreuen.<\/p>\n<p>[\/et_pb_text][\/et_pb_column][et_pb_column type=&#8220;1_2&#8243; _builder_version=&#8220;4.16&#8243; _module_preset=&#8220;default&#8220; global_colors_info=&#8220;{}&#8220;][et_pb_text _builder_version=&#8220;4.16&#8243; _module_preset=&#8220;38be5576-73c4-4040-aefa-5423521f93da&#8220; custom_margin=&#8220;||0px||false|false&#8220; border_color_all=&#8220;#FFFFFF&#8220; global_colors_info=&#8220;{}&#8220;]<\/p>\n<h2>WordPress Hosting &amp; High-Performance<\/h2>\n<h3>NGINX, PHP8, WP-Rocket, MySQL 8 &amp; MariaDB<\/h3>\n<p>Die Anforderungen an moderne Webseiten und Webserver werden immer komplexer. Ihre Besucher und Kunden m\u00f6chte zu jeder Zeit und von jedem Ort schnell auf Ihre Angebote und Informationen zugreifen.<\/p>\n<p>Dabei spielen die Sicherheit, Verf\u00fcgbarkeit sowie Performance eine essentielle Rolle, nich zuletzt da Google die Performance als Ranking-Faktor ber\u00fccksichtigt.<\/p>\n<p>Unsere agentureigenen\u00a0Hosting-Angebote sind neben hoher Verf\u00fcgbarkeit und Sicherheit vor allem auf h\u00f6chstm\u00f6gliche Performance ausgelegt.<\/p>\n<p>Wir nutzen State-of-the-Art Technik und Software. So laufen unsere Systeme auf hochskalierbarer Cloud-Infrastruktur in einem Rechenzentrum in Frankfurt am Main, mit Anbindung an den<span>\u00a0<\/span><a href=\"https:\/\/de.wikipedia.org\/wiki\/DE-CIX\" target=\"_blank\" rel=\"noopener noreferrer\">DE-CIX<\/a><span>\u00a0<\/span>(dabei handelt es sich um einen Internet-Knoten in Frankfurt am Main und gemessen am Datendurchsatz ist dieser der Gr\u00f6\u00dfte der Welt).<\/p>\n<p>[\/et_pb_text][et_pb_text module_class=&#8220;logobar&#8220; _builder_version=&#8220;4.16&#8243; _module_preset=&#8220;default&#8220; custom_margin=&#8220;0px||||false|false&#8220; custom_padding=&#8220;0px|||||&#8220; global_colors_info=&#8220;{}&#8220;]<\/p>\n<ul>\n<li><img decoding=\"async\" src=\"https:\/\/www.bajorat-media.com\/wp-content\/uploads\/2020\/06\/plesk.jpg\" width=\"200\" height=\"124\" title=\"Plesk\" alt=\"Plesk\" class=\"wp-image-13319 alignnone size-full\" \/><\/li>\n<li><img decoding=\"async\" src=\"https:\/\/www.bajorat-media.com\/wp-content\/uploads\/2020\/06\/nginx.jpg\" width=\"250\" height=\"83\" title=\"NGINX - Webserver\"  alt=\"NGINX - Webserver\" class=\"wp-image-13317 alignnone size-full\" \/><\/li>\n<li><img decoding=\"async\" src=\"https:\/\/www.bajorat-media.com\/wp-content\/uploads\/2020\/06\/wp-rocket.jpg\" width=\"250\" height=\"67\" title=\"WP Rocket - Caching\"  alt=\"WP Rocket - Caching\" class=\"wp-image-13321 alignnone size-full\" \/><\/li>\n<\/ul>\n<p>[\/et_pb_text][et_pb_text _builder_version=&#8220;4.16&#8243; _module_preset=&#8220;38be5576-73c4-4040-aefa-5423521f93da&#8220; global_colors_info=&#8220;{}&#8220;]<\/p>\n<p>\u00dcber die Web-Server Verwaltungssoftware<span>\u00a0<\/span><a href=\"https:\/\/www.plesk.com\/wp-toolkit\/\" target=\"_blank\" rel=\"noopener noreferrer\">Plesk<\/a><span>\u00a0<\/span>stehen Ihnen und uns weitreichende Konfigurationsm\u00f6glichkeiten f\u00fcr Ihre Webseite zur Verf\u00fcgung. Weiterhin k\u00f6nnen Sie Ihre Webseite dar\u00fcber spielend einfach verwalten, sichern, updaten und \u00fcberwachen.<\/p>\n<p>Durch eine ausgekl\u00fcgelte Caching-Technik, in welcher wir WordPress-Caching Dateien direkt mit dem schnellen NGINX Webserver koppeln, k\u00f6nnen die statischen Caching-Dateien direkt durch NGINX ausgeliefert werden, ohne dass dabei auf PHP oder anderweitige Prozesse zugegriffen werden muss.<\/p>\n<p>\u00dcber diese Technik erreichen wir bei den von uns gehosteten WordPress-Webseiten bahnbrechende Geschwindigkeiten. Die TTFB (Time To First Byte) ist dabei auf dem Niveau einer statischen Webseite, da viele dynamische Prozesse umgangen werden.<\/p>\n<p>Falls Ihnen unser Shared-Hosting-Angebot nicht ausreicht, k\u00f6nnen wir Ihnen eigene vServer oder Datenbank-Cluster f\u00fcr Ihre WordPress-Systeme anbieten.<\/p>\n<p><a href=\"\/kontakt\/\">Sprechen Sie uns gerne an<\/a>, wenn auch Sie mit Ihrer WordPress-Webseite performancestarkes Hosting der n\u00e4chsten Generation erleben m\u00f6chten.<\/p>\n<p>[\/et_pb_text][\/et_pb_column][\/et_pb_row][\/et_pb_section][et_pb_section fb_built=&#8220;1&#8243; _builder_version=&#8220;4.16&#8243; _module_preset=&#8220;default&#8220; custom_padding=&#8220;6px||11px|||&#8220; global_colors_info=&#8220;{}&#8220;][et_pb_row column_structure=&#8220;1_2,1_2&#8243; _builder_version=&#8220;4.16&#8243; _module_preset=&#8220;default&#8220; custom_padding=&#8220;37px|||||&#8220; global_colors_info=&#8220;{}&#8220;][et_pb_column type=&#8220;1_2&#8243; _builder_version=&#8220;4.16&#8243; _module_preset=&#8220;default&#8220; global_colors_info=&#8220;{}&#8220;][et_pb_text _builder_version=&#8220;4.16&#8243; _module_preset=&#8220;38be5576-73c4-4040-aefa-5423521f93da&#8220; border_color_all=&#8220;#FFFFFF&#8220; global_colors_info=&#8220;{}&#8220;]<\/p>\n<h2>Raidboxes &amp; webgo \u2013 Premium-Partner<\/h2>\n<h3>Webhosting, CMS-Hosting und Server<\/h3>\n<p>Um unseren Kunden nicht nur m\u00f6glichst hohe sowie gleichbleibende Verf\u00fcgbarkeit, Performance sowie Service anbieten zu k\u00f6nnen, sondern auch ein breites Leistungs- und Angebotsspektrum, pflegen wir enge Partnerschaften und Kooperationen mit weiteren Webhostern wie webgo, Raidboxes, Dawico \/ Hosting-Base, und weitere.<\/p>\n<p>Dort k\u00f6nnen wir Ihnen oftmals besondere Angebote und Services zur Verf\u00fcgung stellen.<\/p>\n<h2>webgo<\/h2>\n<h3>Premium-Partner<\/h3>\n<p>Webgo verf\u00fcgt \u00fcber ein Rechenzentrum in Frankfurt am Main und damit ebenfalls optimalen Zugang zum DE-CIX. Neben der geografisch optimalen Lage und \u00fcber 11 Jahren Webhosting-Erfahrung bietet webgo einen technisch guten und schnellen Software-Stack (Apache, NGINX, MariaDB und PHP 7) um optimale Leistung bereit zu stellen.[\/et_pb_text][et_pb_image src=&#8220;https:\/\/www.bajorat-media.com\/wp-content\/uploads\/2017\/02\/webgo-logo-1.png&#8220; alt=&#8220;webgo &#8211; Premium Partner&#8220; title_text=&#8220;webgo &#8211; Premium Partner&#8220; _builder_version=&#8220;4.16&#8243; _module_preset=&#8220;default&#8220; width=&#8220;60%&#8220; module_alignment=&#8220;center&#8220; global_colors_info=&#8220;{}&#8220;][\/et_pb_image][et_pb_text _builder_version=&#8220;4.16&#8243; _module_preset=&#8220;38be5576-73c4-4040-aefa-5423521f93da&#8220; global_colors_info=&#8220;{}&#8220;]<\/p>\n<h3>Webhosting Premium-Partner<\/h3>\n<p>Als Premium-Partner f\u00fcr den Bereich Webhosting haben wir direkte Ansprechpartner bei webgo und sind bestens mit den f\u00fcr Sie passenden Tarifen und der Technik dahinter vertraut. Weiterhin k\u00f6nnen wir Ihnen als Premium-Partner einige spezielle Hosting-Angebote und Konditionen unterbreiten, welche so nicht \u00f6ffentlich auf den Webseiten von webgo zur Verf\u00fcgung stehen.<\/p>\n<p>Gerne helfen wir Ihnen auch bei dem Umzug Ihrer bestehenden Webseite zu webgo und beraten Sie zwecks passender Webhosting-Tarife.<\/p>\n<p>[\/et_pb_text][\/et_pb_column][et_pb_column type=&#8220;1_2&#8243; _builder_version=&#8220;4.16&#8243; _module_preset=&#8220;default&#8220; global_colors_info=&#8220;{}&#8220;][et_pb_image src=&#8220;https:\/\/www.bajorat-media.com\/wp-content\/uploads\/2020\/06\/server-1.png&#8220; alt=&#8220;Webhosting &#038; Server&#8220; title_text=&#8220;Webhosting &#038; Server&#8220; _builder_version=&#8220;4.16&#8243; _module_preset=&#8220;default&#8220; global_colors_info=&#8220;{}&#8220;][\/et_pb_image][\/et_pb_column][\/et_pb_row][\/et_pb_section][et_pb_section fb_built=&#8220;1&#8243; custom_padding_last_edited=&#8220;on|desktop&#8220; prev_background_color=&#8220;#ffffff&#8220; disabled_on=&#8220;off|off|off&#8220; admin_label=&#8220;Footer&#8220; module_id=&#8220;footer-contact&#8220; _builder_version=&#8220;4.16&#8243; _module_preset=&#8220;default&#8220; use_background_color_gradient=&#8220;on&#8220; background_color_gradient_direction=&#8220;130deg&#8220; background_color_gradient_stops=&#8220;rgba(30,143,229,0.8) 0%|rgba(33,117,155,0.9) 100%&#8220; background_color_gradient_overlays_image=&#8220;on&#8220; background_color_gradient_start=&#8220;rgba(30,143,229,0.8)&#8220; background_color_gradient_end=&#8220;rgba(33,117,155,0.9)&#8220; background_image=&#8220;https:\/\/www.bajorat-media.com\/wp-content\/uploads\/2021\/06\/ueber-uns-factory-berlin.jpg&#8220; background_enable_image=&#8220;off&#8220; custom_padding=&#8220;16vw||7vw||false|false&#8220; custom_padding_tablet=&#8220;100px||100px||true&#8220; custom_padding_phone=&#8220;||||true&#8220; top_divider_style=&#8220;ramp2&#8243; top_divider_height=&#8220;250px&#8220; top_divider_flip=&#8220;vertical&#8220; top_divider_height_tablet=&#8220;150px&#8220; top_divider_height_phone=&#8220;110px&#8220; top_divider_height_last_edited=&#8220;on|phone&#8220; background_color_gradient_stops_tablet=&#8220;rgba(30,143,229,0.8) 0%|rgba(33,117,155,0.9) 100%&#8220; background_color_gradient_stops_phone=&#8220;rgba(30,143,229,0.8) 0%|rgba(33,117,155,0.9) 100%&#8220; global_module=&#8220;15280&#8243; saved_tabs=&#8220;all&#8220; global_colors_info=&#8220;{}&#8220;][et_pb_row module_class=&#8220; et_pb_row_fullwidth&#8220; _builder_version=&#8220;4.16&#8243; _module_preset=&#8220;default&#8220; width=&#8220;89%&#8220; width_tablet=&#8220;80%&#8220; width_phone=&#8220;&#8220; width_last_edited=&#8220;on|desktop&#8220; max_width=&#8220;89%&#8220; max_width_tablet=&#8220;80%&#8220; max_width_phone=&#8220;&#8220; max_width_last_edited=&#8220;on|desktop&#8220; custom_margin_phone=&#8220;|||&#8220; custom_margin_last_edited=&#8220;off|desktop&#8220; custom_padding=&#8220;|||&#8220; make_fullwidth=&#8220;on&#8220; global_colors_info=&#8220;{}&#8220;][et_pb_column type=&#8220;4_4&#8243; _builder_version=&#8220;4.16&#8243; _module_preset=&#8220;default&#8220; custom_padding=&#8220;|||&#8220; global_colors_info=&#8220;{}&#8220; custom_padding__hover=&#8220;|||&#8220;][et_pb_text _builder_version=&#8220;4.16&#8243; _module_preset=&#8220;3930226d-e9ff-4d87-bef4-1be8103c6a44&#8243; text_font=&#8220;||||||||&#8220; header_font=&#8220;||||||||&#8220; header_2_font=&#8220;Roboto|500|||||||&#8220; header_2_text_color=&#8220;#FFFFFF&#8220; header_2_font_size=&#8220;50px&#8220; header_2_line_height=&#8220;1.4em&#8220; header_3_font=&#8220;Roboto|700||on|||||&#8220; header_3_text_align=&#8220;center&#8220; header_3_text_color=&#8220;#ffffff&#8220; header_3_font_size=&#8220;24px&#8220; header_3_letter_spacing=&#8220;5px&#8220; header_3_line_height=&#8220;2em&#8220; text_orientation=&#8220;center&#8220; background_layout=&#8220;dark&#8220; max_width=&#8220;850px&#8220; module_alignment=&#8220;center&#8220; custom_margin=&#8220;|||&#8220; custom_padding=&#8220;|||&#8220; text_font_size_last_edited=&#8220;off|desktop&#8220; header_2_font_size_tablet=&#8220;40px&#8220; header_2_font_size_phone=&#8220;32px&#8220; header_2_font_size_last_edited=&#8220;on|desktop&#8220; header_3_font_size_tablet=&#8220;16px&#8220; header_3_font_size_phone=&#8220;14px&#8220; header_3_font_size_last_edited=&#8220;on|phone&#8220; global_colors_info=&#8220;{}&#8220;]<\/p>\n<h3>Haben wir Ihr Interesse geweckt?<\/h3>\n<h2>Lassen Sie uns gemeinsam Ihr Projekt angehen!<\/h2>\n<p>[\/et_pb_text][et_pb_button button_url=&#8220;@ET-DC@eyJkeW5hbWljIjp0cnVlLCJjb250ZW50IjoicG9zdF9saW5rX3VybF9wYWdlIiwic2V0dGluZ3MiOnsicG9zdF9pZCI6IjEzNzA5In19@&#8220; button_text=&#8220;Kontaktieren Sie uns!&#8220; button_alignment=&#8220;center&#8220; _builder_version=&#8220;4.16&#8243; _dynamic_attributes=&#8220;button_url&#8220; _module_preset=&#8220;a9b497e8-689a-4b57-b697-0be25d7fccd5&#8243; button_letter_spacing_hover=&#8220;5.5px&#8220; global_colors_info=&#8220;{}&#8220; button_text_size__hover_enabled=&#8220;off&#8220; button_one_text_size__hover_enabled=&#8220;off&#8220; button_two_text_size__hover_enabled=&#8220;off&#8220; button_text_color__hover_enabled=&#8220;off&#8220; button_one_text_color__hover_enabled=&#8220;off&#8220; button_two_text_color__hover_enabled=&#8220;off&#8220; button_border_width__hover_enabled=&#8220;off&#8220; button_one_border_width__hover_enabled=&#8220;off&#8220; button_two_border_width__hover_enabled=&#8220;off&#8220; button_border_color__hover_enabled=&#8220;off&#8220; button_one_border_color__hover_enabled=&#8220;off&#8220; button_two_border_color__hover_enabled=&#8220;off&#8220; button_border_radius__hover_enabled=&#8220;off&#8220; button_one_border_radius__hover_enabled=&#8220;off&#8220; button_two_border_radius__hover_enabled=&#8220;off&#8220; button_letter_spacing__hover_enabled=&#8220;off|hover&#8220; button_letter_spacing__hover=&#8220;2px&#8220; button_one_letter_spacing__hover_enabled=&#8220;off&#8220; button_two_letter_spacing__hover_enabled=&#8220;off&#8220; button_bg_color__hover_enabled=&#8220;off&#8220; button_one_bg_color__hover_enabled=&#8220;off&#8220; button_two_bg_color__hover_enabled=&#8220;off&#8220;][\/et_pb_button][\/et_pb_column][\/et_pb_row][\/et_pb_section]<\/p>\n","protected":false},"excerpt":{"rendered":"<p>Webhosting und WordPress-Hosting Schnelles und hochverf\u00fcgbares Webhosting f\u00fcr WordPress mit Apache, NGINX, MariaDB und PHP 8Webhosting Web- und WordPress-Hosting Unter dem Oberbegriff Webhosting bzw. Hosting werden die Leistungen beschrieben, die daf\u00fcr notwendig sind Ihre Webseite 24 Stunden rund um die Uhr online erreichbar zu machen. Konkret geht es um den Online-Speicher und die Server, welche [&hellip;]<\/p>\n","protected":false},"author":1,"featured_media":0,"parent":13645,"menu_order":0,"comment_status":"closed","ping_status":"closed","template":"","meta":{"_et_pb_use_builder":"on","_et_pb_old_content":"","_et_gb_content_width":"","inline_featured_image":false,"footnotes":""},"class_list":["post-13668","page","type-page","status-publish","hentry"],"_links":{"self":[{"href":"https:\/\/www.bajorat-media.com\/en\/wp-json\/wp\/v2\/pages\/13668","targetHints":{"allow":["GET"]}}],"collection":[{"href":"https:\/\/www.bajorat-media.com\/en\/wp-json\/wp\/v2\/pages"}],"about":[{"href":"https:\/\/www.bajorat-media.com\/en\/wp-json\/wp\/v2\/types\/page"}],"author":[{"embeddable":true,"href":"https:\/\/www.bajorat-media.com\/en\/wp-json\/wp\/v2\/users\/1"}],"replies":[{"embeddable":true,"href":"https:\/\/www.bajorat-media.com\/en\/wp-json\/wp\/v2\/comments?post=13668"}],"version-history":[{"count":23,"href":"https:\/\/www.bajorat-media.com\/en\/wp-json\/wp\/v2\/pages\/13668\/revisions"}],"predecessor-version":[{"id":15954,"href":"https:\/\/www.bajorat-media.com\/en\/wp-json\/wp\/v2\/pages\/13668\/revisions\/15954"}],"up":[{"embeddable":true,"href":"https:\/\/www.bajorat-media.com\/en\/wp-json\/wp\/v2\/pages\/13645"}],"wp:attachment":[{"href":"https:\/\/www.bajorat-media.com\/en\/wp-json\/wp\/v2\/media?parent=13668"}],"curies":[{"name":"wp","href":"https:\/\/api.w.org\/{rel}","templated":true}]}}