{"id":13670,"date":"2021-06-11T23:33:00","date_gmt":"2021-06-11T21:33:00","guid":{"rendered":"https:\/\/www.bajorat-media.com\/?page_id=13670"},"modified":"2021-10-15T21:35:38","modified_gmt":"2021-10-15T19:35:38","slug":"seo-texts-and-text-creation","status":"publish","type":"page","link":"https:\/\/www.bajorat-media.com\/en\/services\/seo-texts-and-text-creation\/","title":{"rendered":"SEO texts and copywriting"},"content":{"rendered":"<p>[et_pb_section fb_built=&#8220;1&#8243; admin_label=&#8220;Header&#8220; _builder_version=&#8220;4.10.6&#8243; _module_preset=&#8220;5686f541-a4a9-4868-af98-d67da22a508d&#8220; saved_tabs=&#8220;all&#8220; global_colors_info=&#8220;{}&#8220;][et_pb_row _builder_version=&#8220;3.25&#8243; global_colors_info=&#8220;{}&#8220;][et_pb_column type=&#8220;4_4&#8243; _builder_version=&#8220;3.25&#8243; custom_padding=&#8220;|||&#8220; global_colors_info=&#8220;{}&#8220; custom_padding__hover=&#8220;|||&#8220;][et_pb_text _builder_version=&#8220;4.10.8&#8243; _module_preset=&#8220;d68d91a6-15bf-43b3-8894-8beca56d4da5&#8243; global_colors_info=&#8220;{}&#8220;]<\/p>\n<h1 style=\"text-align: center;\">Mit professionellen SEO-Texten neue Kunden gewinnen<\/h1>\n<h2 style=\"text-align: center;\">Wir unterst\u00fctzen Sie mit erfahrenen Autoren bei der Erstellung Ihrer SEO optimierten Texte.<\/h2>\n<p>[\/et_pb_text][\/et_pb_column][\/et_pb_row][\/et_pb_section][et_pb_section fb_built=&#8220;1&#8243; _builder_version=&#8220;4.10.5&#8243; _module_preset=&#8220;default&#8220; custom_padding=&#8220;||8px|||&#8220; global_colors_info=&#8220;{}&#8220;][et_pb_row column_structure=&#8220;1_2,1_2&#8243; _builder_version=&#8220;4.10.5&#8243; _module_preset=&#8220;default&#8220; global_colors_info=&#8220;{}&#8220;][et_pb_column type=&#8220;1_2&#8243; _builder_version=&#8220;4.10.5&#8243; _module_preset=&#8220;default&#8220; global_colors_info=&#8220;{}&#8220;][et_pb_text _builder_version=&#8220;4.11.1&#8243; _module_preset=&#8220;38be5576-73c4-4040-aefa-5423521f93da&#8220; border_color_all=&#8220;#FFFFFF&#8220; global_colors_info=&#8220;{}&#8220;]<\/p>\n<h2>SEO-Texte<\/h2>\n<h3>Mit professionellen SEO-Texten neue Kunden gewinnen<\/h3>\n<p>Die Texterstellung ist nicht nur in der Anfangsphase eines Projekts entscheidend, auch sp\u00e4ter ist es wichtig, dass st\u00e4ndig neue Texte den Inhalt der Seite bereichern. Wir bieten Ihnen in Zusammenarbeit mit professionellen Autoren die Erstellung von verkaufsstarken und informativen Texten an. SEO-Texte nehmen viel Zeit in Anspruch. Diese Arbeit nehmen wir Ihnen ab. Sie k\u00f6nnen daf\u00fcr Ihre Arbeitskraft in anderen Bereichen einsetzen.<\/p>\n<p>[\/et_pb_text][et_pb_image src=&#8220;https:\/\/www.bajorat-media.com\/wp-content\/uploads\/2021\/10\/seo-texte.png&#8220; alt=&#8220;Mit professionellen SEO-Texten neue Kunden gewinnen&#8220; title_text=&#8220;Mit professionellen SEO-Texten neue Kunden gewinnen&#8220; _builder_version=&#8220;4.11.2&#8243; _module_preset=&#8220;default&#8220; global_colors_info=&#8220;{}&#8220;][\/et_pb_image][et_pb_text _builder_version=&#8220;4.11.2&#8243; _module_preset=&#8220;38be5576-73c4-4040-aefa-5423521f93da&#8220; global_colors_info=&#8220;{}&#8220;]<\/p>\n<h3>Texterstellung f\u00fcr Ihre Webseite, Shop oder Blog<\/h3>\n<p><span>Webprojekte, die besonders viele SEO-Texte ben\u00f6tigen, sind Shops und Blogs. Bei Shops sind es in erster Linie Produktbeschreibungen. St\u00e4ndig kommen neue Produkte hinzu, die durch neue Texte beschrieben und erl\u00e4utert werden m\u00fcssen.<\/span><\/p>\n<p>Auf gar keinen Fall d\u00fcrfen Produktbeschreibungen zweimal verwendet werden, da doppelter Content zu einer Abstrafung durch Google f\u00fchren kann. Unsere professionellen Autoren erstellen Ihnen SEO-Texte, welche Ihre Produkte exakt und verkaufsf\u00f6rdernd beschreiben.<\/p>\n<p>Falls Sie einen Blog f\u00fchren, bekommen Sie regelm\u00e4\u00dfig einen neuen Beitrag zu einem aktuellen Thema. Der Auftraggeber braucht sich um nichts zu k\u00fcmmern. Die Texte werden auf Wunsch auf den Seiten inklusive Meta Tags und Meta Beschreibungen eingef\u00fcgt.<\/p>\n<p>[\/et_pb_text][\/et_pb_column][et_pb_column type=&#8220;1_2&#8243; _builder_version=&#8220;4.10.5&#8243; _module_preset=&#8220;default&#8220; global_colors_info=&#8220;{}&#8220;][et_pb_text _builder_version=&#8220;4.10.8&#8243; _module_preset=&#8220;38be5576-73c4-4040-aefa-5423521f93da&#8220; border_color_all=&#8220;#FFFFFF&#8220; global_colors_info=&#8220;{}&#8220;]<\/p>\n<h2>Lassen Sie sich finden<\/h2>\n<h3>Mit SEO-Texten besser im Netz gefunden werden<\/h3>\n<p>Die Texterstellung dient nicht nur der Information des Kunden sondern auch der Suchmaschinenoptimierung. Wenn Sie von einer Suchmaschine gefunden werden wollen ist es wichtig, dass bestimmte Keywords auf der Seite immer wieder auftauchen.<\/p>\n<p>Die Texterstellung ist f\u00fcr den Autor eine Gradwanderung: Auf der einen Seite muss er einen Text erstellen, der sich gut und fl\u00fcssig liest. Auf der anderen Seite m\u00fcssen die Keywords in einer vorgegebenen Form auftauchen. Keywords sind Begriffe, nach denen der potentielle Kunde im Internet nach dem Angebot des Unternehmers sucht. Ob der Kunde nur ein paar Texte ben\u00f6tigt oder mehrere hundert. Wir liefern die Texte innerhalb kurzer Zeit in hoher Qualit\u00e4t.<\/p>\n<h3>Texterstellung durch erfahrene Autoren<\/h3>\n<p>Wir arbeiten mit Autoren zusammen, die \u00fcber viel Erfahrung auf dem Gebiet der Texterstellung verf\u00fcgen. So entstehen Texte, die genau auf Ihre Bed\u00fcrfnisse zugeschnitten sind. Der Kunde bekommt keine Standardtexte, die auf jede Seite passen w\u00fcrden. Der Autor sieht sich immer vor dem Schreiben die Seite des Kunden an und erstellt dann einen Text, der genau zum Unternehmensprofil passt.<\/p>\n<p>Somit entsteht eine Seite, welche die Individualit\u00e4t des Unternehmers wiederspiegelt. Es versteht sich von selbst, dass die Texte frei von orthographischen und grammatikalischen Fehlern sind. Sie lesen sich leicht und fl\u00fcssig. So hinterl\u00e4sst der Unternehmer aufgrund der Texte auf seiner Seite einen guten Eindruck.<\/p>\n<p>[\/et_pb_text][\/et_pb_column][\/et_pb_row][\/et_pb_section][et_pb_section fb_built=&#8220;1&#8243; custom_padding_last_edited=&#8220;on|desktop&#8220; prev_background_color=&#8220;#ffffff&#8220; disabled_on=&#8220;off|off|off&#8220; admin_label=&#8220;Footer&#8220; _builder_version=&#8220;4.10.7&#8243; _module_preset=&#8220;default&#8220; use_background_color_gradient=&#8220;on&#8220; background_color_gradient_start=&#8220;rgba(30,143,229,0.8)&#8220; background_color_gradient_end=&#8220;rgba(33,117,155,0.9)&#8220; background_color_gradient_direction=&#8220;130deg&#8220; background_color_gradient_overlays_image=&#8220;on&#8220; background_image=&#8220;https:\/\/www.bajorat-media.com\/wp-content\/uploads\/2021\/06\/ueber-uns-factory-berlin.jpg&#8220; custom_padding=&#8220;16vw||7vw||false|false&#8220; custom_padding_tablet=&#8220;100px||100px||true&#8220; custom_padding_phone=&#8220;||||true&#8220; top_divider_style=&#8220;ramp2&#8243; top_divider_height=&#8220;250px&#8220; top_divider_flip=&#8220;vertical&#8220; top_divider_height_tablet=&#8220;150px&#8220; top_divider_height_phone=&#8220;110px&#8220; top_divider_height_last_edited=&#8220;on|phone&#8220; global_module=&#8220;15280&#8243; saved_tabs=&#8220;all&#8220; global_colors_info=&#8220;{}&#8220;][et_pb_row module_class=&#8220; et_pb_row_fullwidth&#8220; _builder_version=&#8220;3.25&#8243; _module_preset=&#8220;default&#8220; width=&#8220;89%&#8220; width_tablet=&#8220;80%&#8220; width_phone=&#8220;&#8220; width_last_edited=&#8220;on|desktop&#8220; max_width=&#8220;89%&#8220; max_width_tablet=&#8220;80%&#8220; max_width_phone=&#8220;&#8220; max_width_last_edited=&#8220;on|desktop&#8220; custom_margin_phone=&#8220;|||&#8220; custom_margin_last_edited=&#8220;off|desktop&#8220; custom_padding=&#8220;|||&#8220; make_fullwidth=&#8220;on&#8220; global_colors_info=&#8220;{}&#8220;][et_pb_column type=&#8220;4_4&#8243; _builder_version=&#8220;3.25&#8243; _module_preset=&#8220;default&#8220; custom_padding=&#8220;|||&#8220; global_colors_info=&#8220;{}&#8220; custom_padding__hover=&#8220;|||&#8220;][et_pb_text _builder_version=&#8220;4.10.5&#8243; _module_preset=&#8220;3930226d-e9ff-4d87-bef4-1be8103c6a44&#8243; text_font=&#8220;||||||||&#8220; header_font=&#8220;||||||||&#8220; header_2_font=&#8220;Roboto|500|||||||&#8220; header_2_text_color=&#8220;#FFFFFF&#8220; header_2_font_size=&#8220;50px&#8220; header_2_line_height=&#8220;1.4em&#8220; header_3_font=&#8220;Roboto|700||on|||||&#8220; header_3_text_align=&#8220;center&#8220; header_3_text_color=&#8220;#ffffff&#8220; header_3_font_size=&#8220;24px&#8220; header_3_letter_spacing=&#8220;5px&#8220; header_3_line_height=&#8220;2em&#8220; text_orientation=&#8220;center&#8220; background_layout=&#8220;dark&#8220; max_width=&#8220;850px&#8220; module_alignment=&#8220;center&#8220; custom_margin=&#8220;|||&#8220; custom_padding=&#8220;|||&#8220; text_font_size_last_edited=&#8220;off|desktop&#8220; header_2_font_size_tablet=&#8220;40px&#8220; header_2_font_size_phone=&#8220;32px&#8220; header_2_font_size_last_edited=&#8220;on|desktop&#8220; header_3_font_size_tablet=&#8220;16px&#8220; header_3_font_size_phone=&#8220;14px&#8220; header_3_font_size_last_edited=&#8220;on|phone&#8220; global_colors_info=&#8220;{}&#8220;]<\/p>\n<h3>Haben wir Ihr Interesse geweckt?<\/h3>\n<h2>Lassen Sie uns gemeinsam Ihr Projekt angehen!<\/h2>\n<p>[\/et_pb_text][et_pb_button button_url=&#8220;@ET-DC@eyJkeW5hbWljIjp0cnVlLCJjb250ZW50IjoicG9zdF9saW5rX3VybF9wYWdlIiwic2V0dGluZ3MiOnsicG9zdF9pZCI6IjEzNzA5In19@&#8220; button_text=&#8220;Kontaktieren Sie uns!&#8220; button_alignment=&#8220;center&#8220; _builder_version=&#8220;4.10.8&#8243; _dynamic_attributes=&#8220;button_url&#8220; _module_preset=&#8220;a9b497e8-689a-4b57-b697-0be25d7fccd5&#8243; button_letter_spacing_hover=&#8220;5.5px&#8220; global_colors_info=&#8220;{}&#8220; button_text_size__hover_enabled=&#8220;off&#8220; button_one_text_size__hover_enabled=&#8220;off&#8220; button_two_text_size__hover_enabled=&#8220;off&#8220; button_text_color__hover_enabled=&#8220;off&#8220; button_one_text_color__hover_enabled=&#8220;off&#8220; button_two_text_color__hover_enabled=&#8220;off&#8220; button_border_width__hover_enabled=&#8220;off&#8220; button_one_border_width__hover_enabled=&#8220;off&#8220; button_two_border_width__hover_enabled=&#8220;off&#8220; button_border_color__hover_enabled=&#8220;off&#8220; button_one_border_color__hover_enabled=&#8220;off&#8220; button_two_border_color__hover_enabled=&#8220;off&#8220; button_border_radius__hover_enabled=&#8220;off&#8220; button_one_border_radius__hover_enabled=&#8220;off&#8220; button_two_border_radius__hover_enabled=&#8220;off&#8220; button_letter_spacing__hover_enabled=&#8220;off|hover&#8220; button_letter_spacing__hover=&#8220;2px&#8220; button_one_letter_spacing__hover_enabled=&#8220;off&#8220; button_two_letter_spacing__hover_enabled=&#8220;off&#8220; button_bg_color__hover_enabled=&#8220;off&#8220; button_one_bg_color__hover_enabled=&#8220;off&#8220; button_two_bg_color__hover_enabled=&#8220;off&#8220;][\/et_pb_button][\/et_pb_column][\/et_pb_row][\/et_pb_section]<\/p>\n","protected":false},"excerpt":{"rendered":"<p>Mit professionellen SEO-Texten neue Kunden gewinnen Wir unterst\u00fctzen Sie mit erfahrenen Autoren bei der Erstellung Ihrer SEO optimierten Texte.SEO-Texte Mit professionellen SEO-Texten neue Kunden gewinnen Die Texterstellung ist nicht nur in der Anfangsphase eines Projekts entscheidend, auch sp\u00e4ter ist es wichtig, dass st\u00e4ndig neue Texte den Inhalt der Seite bereichern. Wir bieten Ihnen in Zusammenarbeit [&hellip;]<\/p>\n","protected":false},"author":1,"featured_media":0,"parent":13645,"menu_order":0,"comment_status":"closed","ping_status":"closed","template":"","meta":{"_et_pb_use_builder":"on","_et_pb_old_content":"","_et_gb_content_width":"","inline_featured_image":false,"footnotes":""},"class_list":["post-13670","page","type-page","status-publish","hentry"],"_links":{"self":[{"href":"https:\/\/www.bajorat-media.com\/en\/wp-json\/wp\/v2\/pages\/13670","targetHints":{"allow":["GET"]}}],"collection":[{"href":"https:\/\/www.bajorat-media.com\/en\/wp-json\/wp\/v2\/pages"}],"about":[{"href":"https:\/\/www.bajorat-media.com\/en\/wp-json\/wp\/v2\/types\/page"}],"author":[{"embeddable":true,"href":"https:\/\/www.bajorat-media.com\/en\/wp-json\/wp\/v2\/users\/1"}],"replies":[{"embeddable":true,"href":"https:\/\/www.bajorat-media.com\/en\/wp-json\/wp\/v2\/comments?post=13670"}],"version-history":[{"count":11,"href":"https:\/\/www.bajorat-media.com\/en\/wp-json\/wp\/v2\/pages\/13670\/revisions"}],"predecessor-version":[{"id":15576,"href":"https:\/\/www.bajorat-media.com\/en\/wp-json\/wp\/v2\/pages\/13670\/revisions\/15576"}],"up":[{"embeddable":true,"href":"https:\/\/www.bajorat-media.com\/en\/wp-json\/wp\/v2\/pages\/13645"}],"wp:attachment":[{"href":"https:\/\/www.bajorat-media.com\/en\/wp-json\/wp\/v2\/media?parent=13670"}],"curies":[{"name":"wp","href":"https:\/\/api.w.org\/{rel}","templated":true}]}}