{"id":14944,"date":"2021-09-29T16:46:38","date_gmt":"2021-09-29T14:46:38","guid":{"rendered":"https:\/\/www.bajorat-media.com\/?page_id=14944"},"modified":"2021-10-08T11:32:07","modified_gmt":"2021-10-08T09:32:07","slug":"wordpress-dsgvo-data-protection","status":"publish","type":"page","link":"https:\/\/www.bajorat-media.com\/en\/services\/wordpress-dsgvo-data-protection\/","title":{"rendered":"WordPress &amp; DSGVO \/ Data Protection"},"content":{"rendered":"<p>[et_pb_section fb_built=&#8220;1&#8243; admin_label=&#8220;Header&#8220; _builder_version=&#8220;4.10.6&#8243; _module_preset=&#8220;5686f541-a4a9-4868-af98-d67da22a508d&#8220; saved_tabs=&#8220;all&#8220; global_colors_info=&#8220;{}&#8220;][et_pb_row _builder_version=&#8220;3.25&#8243; global_colors_info=&#8220;{}&#8220;][et_pb_column type=&#8220;4_4&#8243; _builder_version=&#8220;3.25&#8243; custom_padding=&#8220;|||&#8220; global_colors_info=&#8220;{}&#8220; custom_padding__hover=&#8220;|||&#8220;][et_pb_text _builder_version=&#8220;4.10.8&#8243; _module_preset=&#8220;d68d91a6-15bf-43b3-8894-8beca56d4da5&#8243; global_colors_info=&#8220;{}&#8220;]<\/p>\n<h1 style=\"text-align: center;\">WordPress &amp; DSGVO \/ Datenschutz<\/h1>\n<div class=\"fs_headline_container\" id=\"small_header\">\n<h2 style=\"text-align: center;\">Wir helfen Ihnen bei der Ma\u00dfnahmenumsetzung zur Datenschutzgrundverordnung (DSGVO).<\/h2>\n<\/div>\n<p>&nbsp;<\/p>\n<p>[\/et_pb_text][\/et_pb_column][\/et_pb_row][\/et_pb_section][et_pb_section fb_built=&#8220;1&#8243; _builder_version=&#8220;4.10.5&#8243; _module_preset=&#8220;default&#8220; custom_padding=&#8220;||8px|||&#8220; global_colors_info=&#8220;{}&#8220;][et_pb_row column_structure=&#8220;1_2,1_2&#8243; _builder_version=&#8220;4.10.5&#8243; _module_preset=&#8220;default&#8220; global_colors_info=&#8220;{}&#8220;][et_pb_column type=&#8220;1_2&#8243; _builder_version=&#8220;4.10.5&#8243; _module_preset=&#8220;default&#8220; global_colors_info=&#8220;{}&#8220;][et_pb_text _builder_version=&#8220;4.11.1&#8243; _module_preset=&#8220;38be5576-73c4-4040-aefa-5423521f93da&#8220; hover_enabled=&#8220;0&#8243; global_colors_info=&#8220;{}&#8220; sticky_enabled=&#8220;0&#8243;]<\/p>\n<h2>WordPress &amp; DSGVO<\/h2>\n<h3>Datenschutz mit WordPress<\/h3>\n<p>Die DSGVO ist f\u00fcr Sie als Webseiten- und Blogbetreiber eine hochaktuelle Problematik. Dabei geht es f\u00fcr Sie um die Verarbeitung personenbezogener Daten und den freien Verkehr dieser. Die Datenschutzverordnung bezieht sich auf nat\u00fcrliche Personen, deren Grundrechte und Grundfreiheiten gesch\u00fctzt werden sollen. Im Unternehmensbereich betrifft das neben dem regul\u00e4ren Arbeitnehmer-Arbeitgeber-Verh\u00e4ltnis, Unternehmenswebseiten, Online-Shops, sowie Dienstleister, die das Internet f\u00fcr Bestellungen nutzen. Ob Kundenbestellungen, bei E-Mail Kampagnen oder Nutzertracking, das Thema ist \u00fcberall relevant. Bei jedem dieser Vorg\u00e4nge verarbeiten und nutzen Sie Daten von Kunden.<\/p>\n<h2>Was ist die Datenschutzgrundverordnung?<\/h2>\n<p>Das urspr\u00fcngliche in Deutschland geltende Bundesdatenschutzgesetz verliert an der einen oder anderen Stelle seine G\u00fcltigkeit bzw. bekommt neue Regelungen. Die Datenschutzgrundverordnung der EU vereinheitlicht das Datenschutzrecht. Unterschiedliche Standards in verschiedenen L\u00e4ndern werden abgeschafft. Die Datenschutzgrundverordnung richtet sich nicht nur an EU-Mitglieder. Sie wird automatisch verbindlich, f\u00fcr die Datenverarbeitung au\u00dferhalb der EU. Kriterium daf\u00fcr ist die Datenverarbeitung von Personen aus der EU. Der Datenschutz soll benutzerfreundlicher und transparenter werden. Damit einhergehend, h\u00f6here Bu\u00dfgelder die bei einem Versto\u00df gegen die neue Verordnung greifen.<\/p>\n<h2>Wer ist betroffen?<\/h2>\n<p>Die Verordnung erstreckt sich auf jedes Unternehmen und jeden der sich innerhalb des Internets bewegt. Das bezieht sich auf Nutzertracking, Kundendaten, Newsletter, Werbemails, speziell auf Facebook und hat damit Einfluss auf jede Datenschutzerkl\u00e4rung. WordPress ist genauso davon betroffen. Datenschutzerkl\u00e4rungen m\u00fcssen aktualisiert und Plugins zum Teil deaktiviert oder aktualisiert werden. Youtube Videos m\u00fcssen\/k\u00f6nnen nur mit erweiterten Datenschutzoptionen eingebunden werden. Per Opt-In ben\u00f6tigen WordPressseiten eine Zustimmung der Leser \u00fcber die Datenverarbeitung. Die Datenschutzerkl\u00e4rung trat am 25. Mai 2016 in Kraft und wurde am 25. Mai 2018 verbindlich.<\/p>\n<h2>Was sind personenbezogene Daten?<\/h2>\n<p><img decoding=\"async\" src=\"https:\/\/www.bajorat-media.com\/wp-content\/uploads\/2021\/10\/ssl-verschluesselung-1024x724.png\" width=\"1024\" height=\"724\" title=\"Personenbezogene Daten\" alt=\"Personenbezogene Daten\" class=\"wp-image-15333 alignnone size-large\" srcset=\"https:\/\/www.bajorat-media.com\/wp-content\/uploads\/2021\/10\/ssl-verschluesselung-980x693.png 980w, https:\/\/www.bajorat-media.com\/wp-content\/uploads\/2021\/10\/ssl-verschluesselung-480x339.png 480w\" sizes=\"(min-width: 0px) and (max-width: 480px) 480px, (min-width: 481px) and (max-width: 980px) 980px, (min-width: 981px) 1024px, 100vw\" \/><\/p>\n<p>Daten, die in den Bereich der Datenschutzgrundverordnung fallen, sind:<\/p>\n<ul>\n<li>Name<\/li>\n<li>Adresse<\/li>\n<li>E-Mail-Adresse<\/li>\n<li>Telefonnummer<\/li>\n<li>Geburtstag<\/li>\n<li>Kontodaten<\/li>\n<li>Kfz Kennzeichen<\/li>\n<li>Standortdaten<\/li>\n<li>IP-Adressen<\/li>\n<li>Cookies<\/li>\n<\/ul>\n<h2>Was passiert beim Versto\u00df?<\/h2>\n<p>Wird bei Ihnen ein Versto\u00df festgestellt, sollten Sie sich an die Datenschutzbeh\u00f6rde des eigenen Landes wenden. Ein Versto\u00df zieht schwerwiegende Strafen f\u00fcr Sie nach sich. Fr\u00fchere Bu\u00dfgelder lagen zwischen 50.000 \u20ac und 300.000 \u20ac. Diese bezogen sich auf schwere Datenschutzverst\u00f6\u00dfe. Mit der neuen Verordnung haben sich die Bu\u00dfgelder erh\u00f6ht. Sie k\u00f6nnen bis zu 20 Millionen Euro oder 4 % des weltweiten Vorjahresumsatzes betragen. Damit werden globale Unternehmen gezwungen, sich an die neuen Vorschriften zu halten. Halten Sie sich nicht daran, k\u00f6nnen Sie mit Abmahnungen rechnen. Verst\u00f6\u00dfe sind wettbewerbsrechtlich f\u00fcr Sie und Andere relevant.<\/p>\n<h2>Was hat sich ver\u00e4ndert?<\/h2>\n<p>Verboten sind Ihnen die Erhebung, Verarbeitung und Nutzung personenbezogener Daten, wenn Ihre Nutzer keine Erlaubnis geben. Die Erlaubnis wird Ihnen durch Gesetze, wie zum Beispiel die EU-DSGVO, das BDSG oder die Einwilligung der Verbraucher erteilt. Sie d\u00fcrfen nur so viele Daten erheben und verarbeiten, wie f\u00fcr Sie notwendig. Datenverarbeitung dar\u00fcber hinaus ist illegal. Sie d\u00fcrfen die Daten nur f\u00fcr den Zweck nutzen, f\u00fcr den sie erhoben wurden. Sie m\u00fcssen inhaltlich, sachlich richtig und aktuell sein. Art. 32 betrifft das Thema der Datensicherheit und besch\u00e4ftigt sich mit der Datenverarbeitung unter Ber\u00fccksichtigung des aktuellen Technikstandes, sowie der Kosten, Art, Umfang, Umst\u00e4nde und Risikoanalyse. Treffen Sie die richtigen technischen und organisatorischen Ma\u00dfnahmen, um den richtigen Datenschutz zu gew\u00e4hrleisten! Dabei ist der Aspekt des Schutzniveaus relevant. Je nach personenbezogenen Daten sind diese unterschiedlich schutzbed\u00fcrftig.<\/p>\n<h2>Das Recht auf L\u00f6schung<\/h2>\n<p>Bisher konnten EU-B\u00fcrger von Suchmaschinen verlangen, Suchergebnisse nicht mehr anzuzeigen. Ihre Nutzer haben das Recht, Daten l\u00f6schen oder sperren zu lassen, insbesondere wenn f\u00fcr die Daten keine Verwendung mehr besteht. Verbraucher k\u00f6nnen das Recht auf Vergessenwerden \u00fcberall geltend machen, wo ihre personenbezogenen Daten verarbeitet werden. In der Datenschutzgrundverordnung besch\u00e4ftigt sich Art. 17 mit diesem Punkt. Daten m\u00fcssen gel\u00f6scht werden, wenn der Zweck f\u00fcr die Datenverarbeitung wegf\u00e4llt, wenn der Betroffene seine Einwilligung f\u00fcr die Datenverarbeitung widerruft oder diese unrechtm\u00e4\u00dfig war.<\/p>\n<p>&nbsp;[\/et_pb_text][\/et_pb_column][et_pb_column type=&#8220;1_2&#8243; _builder_version=&#8220;4.10.5&#8243; _module_preset=&#8220;default&#8220; global_colors_info=&#8220;{}&#8220;][et_pb_text _builder_version=&#8220;4.11.1&#8243; _module_preset=&#8220;38be5576-73c4-4040-aefa-5423521f93da&#8220; hover_enabled=&#8220;0&#8243; global_colors_info=&#8220;{}&#8220; sticky_enabled=&#8220;0&#8243;]<\/p>\n<h2>Das Recht auf Daten\u00fcbertragbarkeit<\/h2>\n<p>Art. 20 regelt das Recht, Daten \u00fcbertragen zu lassen. Dies nehmen Verbraucher in Anspruch , wenn sie von einem Anbieter zu einem anderen wechseln. Die Datenverantwortlichen m\u00fcssen die personenbezogenen Daten in einem g\u00e4ngigen Format an den neuen Anbieter weiterleiten. Besondere Relevanz hat dies beim Wechsel von sozialen Netzwerken, Wechsel von einer Bank zur anderen, sowie beim Wechsel des Arbeitgebers.<\/p>\n<p><img decoding=\"async\" src=\"https:\/\/www.bajorat-media.com\/wp-content\/uploads\/2021\/10\/dsgvo-gdpr-1024x861.png\" width=\"1024\" height=\"861\" alt=\"EU-DSGVO\" title=\"EU-DSGVO \/ GDPR\" class=\"wp-image-15332 alignnone size-large\" srcset=\"https:\/\/www.bajorat-media.com\/wp-content\/uploads\/2021\/10\/dsgvo-gdpr-1024x861.png 1024w, https:\/\/www.bajorat-media.com\/wp-content\/uploads\/2021\/10\/dsgvo-gdpr-980x824.png 980w, https:\/\/www.bajorat-media.com\/wp-content\/uploads\/2021\/10\/dsgvo-gdpr-480x404.png 480w\" sizes=\"(min-width: 0px) and (max-width: 480px) 480px, (min-width: 481px) and (max-width: 980px) 980px, (min-width: 981px) 1024px, 100vw\" \/><\/p>\n<h2>Die Rechenschaftspflicht<\/h2>\n<p>Als Verarbeiter der EU-DSGVO sind Sie rechenschaftspflichtig. Nach Art. 5 Abs. 2 der Datenschutzgrundverordnung m\u00fcssen Datenverantwortliche die Einhaltung der Datenschutzprinzipien nachweisen, wenn dies verlangt wird. Daf\u00fcr m\u00fcssen Sie ein Datenschutzmanagement einrichten, wo Sie die Befolgung der Datenschutzanforderungen dokumentieren. Anhand dieser Dokumentation l\u00e4sst sich auf Anfrage die ordnungsgem\u00e4\u00dfe Erf\u00fcllung gegen\u00fcber der Aufsichtsbeh\u00f6rde nachweisen.<\/p>\n<h2>Die Einwilligung zur Datenverarbeitung<\/h2>\n<p>Die Einwilligung erfordert keine besondere Form. Sie kann schriftlich, m\u00fcndlich und elektronisch erfolgen. Trotzdem ist es f\u00fcr Sie empfehlenswert darauf zu achten, dass sie dokumentiert wird. Die Einwilligung kann \u00fcber ein Opt-In K\u00e4stchen gegeben werden. F\u00fcr das Austragen reicht ein Opt-Out K\u00e4stchen nicht aus. Die Einwilligung muss von Ihrem Vertragspartner freiwillig gegeben werden. Weiterhin muss diese zweckgebunden sein und der Verarbeitungszweck dokumentiert werden. Eine Generaleinwilligung wird von der EU-Datenschutzverordnung nicht erlaubt. Die Einwilligung zur Datenverarbeitung m\u00fcssen Sie nachweisen k\u00f6nnen sein. Wer die Einwilligung gegeben hat, hat ein Widerrufsrecht. Er kann von diesem jederzeit Gebrauch machen. Firmenrechtlich ist es nicht notwendig, von jedem Kunden eine erneute Einwilligung f\u00fcr die Datenverarbeitung einzuholen. Der Nachweis der Einwilligung ist f\u00fcr Sie nach Art. 7 der EU-DSGVO gesetzlich festgeschrieben.<\/p>\n<h2>Die Anpassung nach der DSGVO<\/h2>\n<p>Als Seitenbetreiber, Dienstleister, Shopbetreiber und Unternehmen m\u00fcssen Sie unbedingt Ihre Datenschutzbestimmungen anpassen. Sie m\u00fcssen pr\u00e4zise, transparent, verst\u00e4ndlich und leicht zug\u00e4nglich, sowie in einer klaren und einfachen Sprache verfasst sein. Zudem m\u00fcssen Sie die Rechtsgrundlage f\u00fcr die Datenverarbeitung benennen. Die Einholung der Einwilligung darf nicht an die Annahme von Angeboten gekoppelt sein. Die Datenschutzerkl\u00e4rung muss von Ihnen neu formuliert werden. Die Auftragsverarbeitung ist nach der Datenschutzgrundverordnung in Paragraph 11 des BDSG geregelt. Dabei geht es um die Erhebung, Verarbeitung oder Nutzung personenbezogener Daten durch einen Auftragnehmer. Auftragnehmer sind f\u00fcr die Datenverarbeitung mitverantwortlich. Dazu geh\u00f6ren externe Kundencenter, externe Newsletter-Anbieter, Clouds, externe Unternehmen, die im Marketing f\u00fcr ein anderes Unternehmen aktiv sind, sowie externe Rechenzentren. Nach Art. 30 muss ein Verzeichnis \u00fcber diese Datenverarbeitung erstellt werden. Der Vertragsschluss bez\u00fcglich der ADV kann in elektronischer Form erfolgen.<\/p>\n<h2>Das Verfahrensverzeichnis<\/h2>\n<p>Nach Art. 30 m\u00fcssen Sie ein Verarbeitungsverzeichnis erstellen. Dabei handelt es sich um ein Verzeichnis der Verarbeitungst\u00e4tigkeiten. Dieses muss nicht \u00f6ffentlich sein und kann auf Zuruf zugearbeitet werden. Verantwortlich f\u00fcr dieses Verzeichnis ist die Unternehmensleitung. Auf Nachfrage muss es der Datenschutzbeh\u00f6rde vorgelegt werden. Es kann schriftlich oder in elektronischer Form gef\u00fchrt werden.<\/p>\n<h2>Der Datenschutzbeauftragte<\/h2>\n<p>Von Vorteil ist es f\u00fcr Ihr Unternehmen, einen Datenschutzbeauftragten zu besch\u00e4ftigten. Das Thema besch\u00e4ftigt Arbeitgeber wie auch Arbeitnehmer. Der Betriebsrat darf in Bezug auf die DSGVO-Umstellung nicht au\u00dfen vor gelassen werden.<\/p>\n<p>Betreiben Sie eine Webseite oder einen Blog, verarbeiten Sie Daten. Keiner kann sich unter dem Vorwand herausreden, er w\u00fcrde keine personenbezogenen Daten verarbeiten. Auch die Serverstatistiken beherbergen Daten, die aufgearbeitet werden. Bei WordPress ist besonders das Jetpack ein heikles Thema. Statistiken m\u00fcssen IP-anonymisiert werden. Die Datenschutzgrundverordnung gew\u00e4hrt Ihnen keine \u00dcbergangsfristen und ist verbindlich g\u00fcltig.<\/p>\n<h2>Unser DSGVO-Service:<\/h2>\n<p>Wir helfen Ihnen, hohe Bu\u00dfgelder durch Verst\u00f6\u00dfe gegen die DSGVO zu vermeiden:<\/p>\n<p>Wir \u2026<br \/>\n\u2026 helfen Ihnen bei Ihren Google Opt-Out Einstellungen<br \/>\n\u2026 unterst\u00fctzen Sie bei der Umstellung Ihrer Webseite auf SSL<br \/>\n\u2026 assistieren Ihnen bei der Erstellung der Cookie Notice<br \/>\n\u2026 sorgen f\u00fcr eine ad\u00e4quate IP Anonymisierung auf Ihrer Seite<br \/>\n\u2026 betreuen Sie bei der Integration von Tracking L\u00f6sungen<br \/>\n\u2026 helfen Ihnen bei der Umstellung von WordPress &amp; Komponenten<br \/>\n\u2026 unterst\u00fctzen bei der Integration von Opt-In und Opt-Out L\u00f6sung<br \/>\n\u2026 arbeiten Hand in Hand mit Ihren Juristen und Datenschutzbeauftragten[\/et_pb_text][\/et_pb_column][\/et_pb_row][\/et_pb_section][et_pb_section fb_built=&#8220;1&#8243; custom_padding_last_edited=&#8220;on|desktop&#8220; prev_background_color=&#8220;#ffffff&#8220; disabled_on=&#8220;off|off|off&#8220; admin_label=&#8220;Footer&#8220; _builder_version=&#8220;4.10.7&#8243; _module_preset=&#8220;default&#8220; use_background_color_gradient=&#8220;on&#8220; background_color_gradient_start=&#8220;rgba(30,143,229,0.8)&#8220; background_color_gradient_end=&#8220;rgba(33,117,155,0.9)&#8220; background_color_gradient_direction=&#8220;130deg&#8220; background_color_gradient_overlays_image=&#8220;on&#8220; background_image=&#8220;https:\/\/www.bajorat-media.com\/wp-content\/uploads\/2021\/06\/ueber-uns-factory-berlin.jpg&#8220; custom_padding=&#8220;16vw||7vw||false|false&#8220; custom_padding_tablet=&#8220;100px||100px||true&#8220; custom_padding_phone=&#8220;||||true&#8220; top_divider_style=&#8220;ramp2&#8243; top_divider_height=&#8220;250px&#8220; top_divider_flip=&#8220;vertical&#8220; top_divider_height_tablet=&#8220;150px&#8220; top_divider_height_phone=&#8220;110px&#8220; top_divider_height_last_edited=&#8220;on|phone&#8220; global_module=&#8220;15280&#8243; saved_tabs=&#8220;all&#8220; global_colors_info=&#8220;{}&#8220;][et_pb_row module_class=&#8220; et_pb_row_fullwidth&#8220; _builder_version=&#8220;3.25&#8243; _module_preset=&#8220;default&#8220; width=&#8220;89%&#8220; width_tablet=&#8220;80%&#8220; width_phone=&#8220;&#8220; width_last_edited=&#8220;on|desktop&#8220; max_width=&#8220;89%&#8220; max_width_tablet=&#8220;80%&#8220; max_width_phone=&#8220;&#8220; max_width_last_edited=&#8220;on|desktop&#8220; custom_margin_phone=&#8220;|||&#8220; custom_margin_last_edited=&#8220;off|desktop&#8220; custom_padding=&#8220;|||&#8220; make_fullwidth=&#8220;on&#8220; global_colors_info=&#8220;{}&#8220;][et_pb_column type=&#8220;4_4&#8243; _builder_version=&#8220;3.25&#8243; _module_preset=&#8220;default&#8220; custom_padding=&#8220;|||&#8220; global_colors_info=&#8220;{}&#8220; custom_padding__hover=&#8220;|||&#8220;][et_pb_text _builder_version=&#8220;4.10.5&#8243; _module_preset=&#8220;3930226d-e9ff-4d87-bef4-1be8103c6a44&#8243; text_font=&#8220;||||||||&#8220; header_font=&#8220;||||||||&#8220; header_2_font=&#8220;Roboto|500|||||||&#8220; header_2_text_color=&#8220;#FFFFFF&#8220; header_2_font_size=&#8220;50px&#8220; header_2_line_height=&#8220;1.4em&#8220; header_3_font=&#8220;Roboto|700||on|||||&#8220; header_3_text_align=&#8220;center&#8220; header_3_text_color=&#8220;#ffffff&#8220; header_3_font_size=&#8220;24px&#8220; header_3_letter_spacing=&#8220;5px&#8220; header_3_line_height=&#8220;2em&#8220; text_orientation=&#8220;center&#8220; background_layout=&#8220;dark&#8220; max_width=&#8220;850px&#8220; module_alignment=&#8220;center&#8220; custom_margin=&#8220;|||&#8220; custom_padding=&#8220;|||&#8220; text_font_size_last_edited=&#8220;off|desktop&#8220; header_2_font_size_tablet=&#8220;40px&#8220; header_2_font_size_phone=&#8220;32px&#8220; header_2_font_size_last_edited=&#8220;on|desktop&#8220; header_3_font_size_tablet=&#8220;16px&#8220; header_3_font_size_phone=&#8220;14px&#8220; header_3_font_size_last_edited=&#8220;on|phone&#8220; global_colors_info=&#8220;{}&#8220;]<\/p>\n<h3>Haben wir Ihr Interesse geweckt?<\/h3>\n<h2>Lassen Sie uns gemeinsam Ihr Projekt angehen!<\/h2>\n<p>[\/et_pb_text][et_pb_button button_url=&#8220;@ET-DC@eyJkeW5hbWljIjp0cnVlLCJjb250ZW50IjoicG9zdF9saW5rX3VybF9wYWdlIiwic2V0dGluZ3MiOnsicG9zdF9pZCI6IjEzNzA5In19@&#8220; button_text=&#8220;Kontaktieren Sie uns!&#8220; button_alignment=&#8220;center&#8220; _builder_version=&#8220;4.10.8&#8243; _dynamic_attributes=&#8220;button_url&#8220; _module_preset=&#8220;a9b497e8-689a-4b57-b697-0be25d7fccd5&#8243; button_letter_spacing_hover=&#8220;5.5px&#8220; global_colors_info=&#8220;{}&#8220; button_text_size__hover_enabled=&#8220;off&#8220; button_one_text_size__hover_enabled=&#8220;off&#8220; button_two_text_size__hover_enabled=&#8220;off&#8220; button_text_color__hover_enabled=&#8220;off&#8220; button_one_text_color__hover_enabled=&#8220;off&#8220; button_two_text_color__hover_enabled=&#8220;off&#8220; button_border_width__hover_enabled=&#8220;off&#8220; button_one_border_width__hover_enabled=&#8220;off&#8220; button_two_border_width__hover_enabled=&#8220;off&#8220; button_border_color__hover_enabled=&#8220;off&#8220; button_one_border_color__hover_enabled=&#8220;off&#8220; button_two_border_color__hover_enabled=&#8220;off&#8220; button_border_radius__hover_enabled=&#8220;off&#8220; button_one_border_radius__hover_enabled=&#8220;off&#8220; button_two_border_radius__hover_enabled=&#8220;off&#8220; button_letter_spacing__hover_enabled=&#8220;off|hover&#8220; button_letter_spacing__hover=&#8220;2px&#8220; button_one_letter_spacing__hover_enabled=&#8220;off&#8220; button_two_letter_spacing__hover_enabled=&#8220;off&#8220; button_bg_color__hover_enabled=&#8220;off&#8220; button_one_bg_color__hover_enabled=&#8220;off&#8220; button_two_bg_color__hover_enabled=&#8220;off&#8220;][\/et_pb_button][\/et_pb_column][\/et_pb_row][\/et_pb_section]<\/p>\n","protected":false},"excerpt":{"rendered":"<p>WordPress &amp; DSGVO \/ Datenschutz Wir helfen Ihnen bei der Ma\u00dfnahmenumsetzung zur Datenschutzgrundverordnung (DSGVO). &nbsp;WordPress &amp; DSGVO Datenschutz mit WordPress Die DSGVO ist f\u00fcr Sie als Webseiten- und Blogbetreiber eine hochaktuelle Problematik. Dabei geht es f\u00fcr Sie um die Verarbeitung personenbezogener Daten und den freien Verkehr dieser. Die Datenschutzverordnung bezieht sich auf nat\u00fcrliche Personen, deren [&hellip;]<\/p>\n","protected":false},"author":3,"featured_media":0,"parent":13645,"menu_order":0,"comment_status":"closed","ping_status":"closed","template":"","meta":{"_et_pb_use_builder":"on","_et_pb_old_content":"","_et_gb_content_width":"","inline_featured_image":false,"footnotes":""},"class_list":["post-14944","page","type-page","status-publish","hentry"],"_links":{"self":[{"href":"https:\/\/www.bajorat-media.com\/en\/wp-json\/wp\/v2\/pages\/14944","targetHints":{"allow":["GET"]}}],"collection":[{"href":"https:\/\/www.bajorat-media.com\/en\/wp-json\/wp\/v2\/pages"}],"about":[{"href":"https:\/\/www.bajorat-media.com\/en\/wp-json\/wp\/v2\/types\/page"}],"author":[{"embeddable":true,"href":"https:\/\/www.bajorat-media.com\/en\/wp-json\/wp\/v2\/users\/3"}],"replies":[{"embeddable":true,"href":"https:\/\/www.bajorat-media.com\/en\/wp-json\/wp\/v2\/comments?post=14944"}],"version-history":[{"count":8,"href":"https:\/\/www.bajorat-media.com\/en\/wp-json\/wp\/v2\/pages\/14944\/revisions"}],"predecessor-version":[{"id":15341,"href":"https:\/\/www.bajorat-media.com\/en\/wp-json\/wp\/v2\/pages\/14944\/revisions\/15341"}],"up":[{"embeddable":true,"href":"https:\/\/www.bajorat-media.com\/en\/wp-json\/wp\/v2\/pages\/13645"}],"wp:attachment":[{"href":"https:\/\/www.bajorat-media.com\/en\/wp-json\/wp\/v2\/media?parent=14944"}],"curies":[{"name":"wp","href":"https:\/\/api.w.org\/{rel}","templated":true}]}}