{"id":15203,"date":"2021-10-05T23:26:30","date_gmt":"2021-10-05T21:26:30","guid":{"rendered":"https:\/\/www.bajorat-media.com\/?page_id=15203"},"modified":"2021-10-08T14:13:47","modified_gmt":"2021-10-08T12:13:47","slug":"online-marketing","status":"publish","type":"page","link":"https:\/\/www.bajorat-media.com\/en\/services\/online-marketing\/","title":{"rendered":"Online Marketing"},"content":{"rendered":"<p>[et_pb_section fb_built=&#8220;1&#8243; admin_label=&#8220;Header&#8220; _builder_version=&#8220;4.10.6&#8243; _module_preset=&#8220;5686f541-a4a9-4868-af98-d67da22a508d&#8220; saved_tabs=&#8220;all&#8220; global_colors_info=&#8220;{}&#8220;][et_pb_row _builder_version=&#8220;3.25&#8243; global_colors_info=&#8220;{}&#8220;][et_pb_column type=&#8220;4_4&#8243; _builder_version=&#8220;3.25&#8243; custom_padding=&#8220;|||&#8220; global_colors_info=&#8220;{}&#8220; custom_padding__hover=&#8220;|||&#8220;][et_pb_text _builder_version=&#8220;4.11.1&#8243; _module_preset=&#8220;d68d91a6-15bf-43b3-8894-8beca56d4da5&#8243; global_colors_info=&#8220;{}&#8220;]<\/p>\n<p><span class=\"h3\">Online Marketing<\/span><\/p>\n<h1>Google Ads, Facebook Ads &amp; Co.<\/h1>\n<h2>Die sch\u00f6nste und schnellste Webseite \/ Shop ist nur dann erfolgreich, wenn diese auch von potentiellen Kunden aufgerufen wird. Mittels Google Ads, Facebook, Twitter &amp; Co. sorgen wir f\u00fcr den n\u00f6tigen Besucher-Traffic auf Ihrer Webseite.<\/h2>\n<p>[\/et_pb_text][\/et_pb_column][\/et_pb_row][\/et_pb_section][et_pb_section fb_built=&#8220;1&#8243; _builder_version=&#8220;4.10.5&#8243; _module_preset=&#8220;default&#8220; custom_padding=&#8220;||11px|||&#8220; global_colors_info=&#8220;{}&#8220;][et_pb_row column_structure=&#8220;1_2,1_2&#8243; _builder_version=&#8220;4.11.1&#8243; _module_preset=&#8220;default&#8220; global_colors_info=&#8220;{}&#8220;][et_pb_column type=&#8220;1_2&#8243; _builder_version=&#8220;4.10.5&#8243; _module_preset=&#8220;default&#8220; global_colors_info=&#8220;{}&#8220;][et_pb_text _builder_version=&#8220;4.11.1&#8243; _module_preset=&#8220;38be5576-73c4-4040-aefa-5423521f93da&#8220; hover_enabled=&#8220;0&#8243; global_colors_info=&#8220;{}&#8220; sticky_enabled=&#8220;0&#8243;]<\/p>\n<h2>Online Marketing<\/h2>\n<h3>Nur bezahlen was Sie auch wirklich bekommen!<\/h3>\n<p>Online Marketing Ma\u00dfnahmen sind gegen\u00fcber allen anderen Werbeformen die erfolgreichsten und effektivsten, vor allem f\u00fcr alle kleinen und mittelst\u00e4ndige Unternehmen.<\/p>\n<p>Im Vergleich zu anderen Werbeformen, z.B. Anzeigen in Zeitungen oder TV-Spots, haben Werbeformen im Internet bedeutende Vorteile. In Printmedien oder auch dem Fernsehen zahlen Sie in der Regel einen hohen Betrag und erreichen nur eine unspezifische Anzahl an Personen und ungef\u00e4hre Zielgruppe.<\/p>\n<p>Im Internet k\u00f6nnen Sie sehr zielgruppengenau werben und Zahlen in den meisten F\u00e4llen nur dann, wenn ein Interessent auch wirklich auf Ihre Anzeige klickt. <strong>Somit geben Sie nur dann Geld aus, wenn ein potentieller Kunde auch wirklich Interesse an Ihrem Produkt oder Gesch\u00e4ft hat.<\/strong><\/p>\n<p><strong><img decoding=\"async\" src=\"https:\/\/www.bajorat-media.com\/wp-content\/uploads\/2021\/10\/online-marketing-search.png\" width=\"883\" height=\"608\" alt=\"Online Marketing - Google Ads\" title=\"Online Marketing - Google Ads\" class=\"wp-image-15316 aligncenter size-full\" srcset=\"https:\/\/www.bajorat-media.com\/wp-content\/uploads\/2021\/10\/online-marketing-search.png 883w, https:\/\/www.bajorat-media.com\/wp-content\/uploads\/2021\/10\/online-marketing-search-480x331.png 480w\" sizes=\"(min-width: 0px) and (max-width: 480px) 480px, (min-width: 481px) 883px, 100vw\" \/><\/strong><\/p>\n<p>F\u00fcr die meisten Online Marketing Ma\u00dfnahmen gibt es auch keine fixen Mindestbudgets. Theoretisch k\u00f6nnen Anzeigen bereits ab einem Euro geschaltet werden und das Budget kann auf Tages oder Monatsbasis angepasst werden.<\/p>\n<p>Weiterhin k\u00f6nnen Sie \u00fcber moderne Statistik-Systeme genau nachvollziehen wie viele Besucher Sie \u00fcber die Online-Werbung erhalten haben und ob diese Aktionen (Conversions) auf Ihrer Webseite durchf\u00fchren, z.B. K\u00e4ufe im Online-Shop oder Anfragen \u00fcber ein Formular.<\/p>\n<p>Unterm Strich ist Online Marketing daher die effektivste und beste Werbeform. <strong>Sie haben einen geringen und sehr flexiblen Kostenapparat, Zielgruppen k\u00f6nnen sehr genau angesprochen werden und die Aktionen Ihrer potentiellen Kunden k\u00f6nnen genau nachvollzogen werden.<\/strong>[\/et_pb_text][\/et_pb_column][et_pb_column type=&#8220;1_2&#8243; _builder_version=&#8220;4.10.5&#8243; _module_preset=&#8220;default&#8220; global_colors_info=&#8220;{}&#8220;][et_pb_text _builder_version=&#8220;4.11.1&#8243; _module_preset=&#8220;38be5576-73c4-4040-aefa-5423521f93da&#8220; hover_enabled=&#8220;0&#8243; global_colors_info=&#8220;{}&#8220; sticky_enabled=&#8220;0&#8243;]<\/p>\n<h2>Google Ads, Facebook, Twitter &amp; Co.<\/h2>\n<h3>Die gro\u00dfen Portale sorgen f\u00fcr Besucher!<\/h3>\n<p>Google, Facebook, Twitter &amp; Co. haben \u00fcber die vergangenen Jahre gigantische Werbenetzwerke aufgebaut, \u00fcber welche sich zu g\u00fcnstigen Klickpreisen (CPC) potentiell Millionen von Menschen erreichen lassen.<\/p>\n<p>Wir helfen Ihnen dabei Ihre ersten Kampagnen bei <strong>Google Ads und\/oder<\/strong>\u00a0<strong>Facebook Ads<\/strong>\u00a0einzurichten. Dabei unterst\u00fctzen wir Sie nicht nur bei der Kampagneneinrichtung, sondern auch bei den technischen Integrationen f\u00fcr die Conversion-Erfassung sowie Retargeting-Ma\u00dfnahmen.<\/p>\n<p><strong>Wir unterst\u00fctzen Sie im gesamten Prozess von der Einrichtung bis hin zur regelm\u00e4\u00dfigen Optimierung und Auswertung Ihrer Kampagnen.<\/strong><\/p>\n<p>Geben Sie Ihre Anzeigen in unsere erfahrenen H\u00e4nde. Gemeinsam verbessern wir Ihre Performance und bringen Sie n\u00e4her an Ihr Unternehmensziel heran!<\/p>\n<p><img decoding=\"async\" src=\"https:\/\/www.bajorat-media.com\/wp-content\/uploads\/2021\/10\/online-marketing-stats-1024x684.png\" width=\"1024\" height=\"684\" alt=\"Online Marketing - Google Ads &amp; Facebook Ads\" title=\"Online Marketing - Google Ads &amp; Facebook Ads\" class=\"wp-image-15317 aligncenter size-large\" srcset=\"https:\/\/www.bajorat-media.com\/wp-content\/uploads\/2021\/10\/online-marketing-stats-980x655.png 980w, https:\/\/www.bajorat-media.com\/wp-content\/uploads\/2021\/10\/online-marketing-stats-480x321.png 480w\" sizes=\"(min-width: 0px) and (max-width: 480px) 480px, (min-width: 481px) and (max-width: 980px) 980px, (min-width: 981px) 1024px, 100vw\" \/><\/p>\n<h3>Haben Sie bereits aktive Kampagnen?<\/h3>\n<p><span>Wir untersuchen Ihre bisherigen Performancedaten in einem <strong>umfangreichen Check<\/strong>\u00a0und decken\u00a0<strong>Schwachstellen in Struktur<\/strong>,\u00a0<strong>Keywords oder<\/strong>\u00a0<strong>Tracking <\/strong>\u00a0auf.<\/span><\/p>\n<p><span>Dar\u00fcber hinaus pr\u00fcfen wir Ihre\u00a0<strong>Anzeigen- und Keywordqualit\u00e4t<\/strong>, Ihre Ausrichtungseinstellungen im\u00a0<strong>Display- &amp; Videonetzwerk<\/strong>\u00a0sowie die\u00a0<strong>Qualit\u00e4t Ihres Shopping Feeds<\/strong>.<\/span>[\/et_pb_text][\/et_pb_column][\/et_pb_row][\/et_pb_section][et_pb_section fb_built=&#8220;1&#8243; custom_padding_last_edited=&#8220;on|desktop&#8220; prev_background_color=&#8220;#ffffff&#8220; disabled_on=&#8220;off|off|off&#8220; admin_label=&#8220;Footer&#8220; _builder_version=&#8220;4.10.7&#8243; _module_preset=&#8220;default&#8220; use_background_color_gradient=&#8220;on&#8220; background_color_gradient_start=&#8220;rgba(30,143,229,0.8)&#8220; background_color_gradient_end=&#8220;rgba(33,117,155,0.9)&#8220; background_color_gradient_direction=&#8220;130deg&#8220; background_color_gradient_overlays_image=&#8220;on&#8220; background_image=&#8220;https:\/\/www.bajorat-media.com\/wp-content\/uploads\/2021\/06\/ueber-uns-factory-berlin.jpg&#8220; custom_padding=&#8220;16vw||7vw||false|false&#8220; custom_padding_tablet=&#8220;100px||100px||true&#8220; custom_padding_phone=&#8220;||||true&#8220; top_divider_style=&#8220;ramp2&#8243; top_divider_height=&#8220;250px&#8220; top_divider_flip=&#8220;vertical&#8220; top_divider_height_tablet=&#8220;150px&#8220; top_divider_height_phone=&#8220;110px&#8220; top_divider_height_last_edited=&#8220;on|phone&#8220; global_module=&#8220;15280&#8243; saved_tabs=&#8220;all&#8220; global_colors_info=&#8220;{}&#8220;][et_pb_row module_class=&#8220; et_pb_row_fullwidth&#8220; _builder_version=&#8220;3.25&#8243; _module_preset=&#8220;default&#8220; width=&#8220;89%&#8220; width_tablet=&#8220;80%&#8220; width_phone=&#8220;&#8220; width_last_edited=&#8220;on|desktop&#8220; max_width=&#8220;89%&#8220; max_width_tablet=&#8220;80%&#8220; max_width_phone=&#8220;&#8220; max_width_last_edited=&#8220;on|desktop&#8220; custom_margin_phone=&#8220;|||&#8220; custom_margin_last_edited=&#8220;off|desktop&#8220; custom_padding=&#8220;|||&#8220; make_fullwidth=&#8220;on&#8220; global_colors_info=&#8220;{}&#8220;][et_pb_column type=&#8220;4_4&#8243; _builder_version=&#8220;3.25&#8243; _module_preset=&#8220;default&#8220; custom_padding=&#8220;|||&#8220; global_colors_info=&#8220;{}&#8220; custom_padding__hover=&#8220;|||&#8220;][et_pb_text _builder_version=&#8220;4.10.5&#8243; _module_preset=&#8220;3930226d-e9ff-4d87-bef4-1be8103c6a44&#8243; text_font=&#8220;||||||||&#8220; header_font=&#8220;||||||||&#8220; header_2_font=&#8220;Roboto|500|||||||&#8220; header_2_text_color=&#8220;#FFFFFF&#8220; header_2_font_size=&#8220;50px&#8220; header_2_line_height=&#8220;1.4em&#8220; header_3_font=&#8220;Roboto|700||on|||||&#8220; header_3_text_align=&#8220;center&#8220; header_3_text_color=&#8220;#ffffff&#8220; header_3_font_size=&#8220;24px&#8220; header_3_letter_spacing=&#8220;5px&#8220; header_3_line_height=&#8220;2em&#8220; text_orientation=&#8220;center&#8220; background_layout=&#8220;dark&#8220; max_width=&#8220;850px&#8220; module_alignment=&#8220;center&#8220; custom_margin=&#8220;|||&#8220; custom_padding=&#8220;|||&#8220; text_font_size_last_edited=&#8220;off|desktop&#8220; header_2_font_size_tablet=&#8220;40px&#8220; header_2_font_size_phone=&#8220;32px&#8220; header_2_font_size_last_edited=&#8220;on|desktop&#8220; header_3_font_size_tablet=&#8220;16px&#8220; header_3_font_size_phone=&#8220;14px&#8220; header_3_font_size_last_edited=&#8220;on|phone&#8220; global_colors_info=&#8220;{}&#8220;]<\/p>\n<h3>Haben wir Ihr Interesse geweckt?<\/h3>\n<h2>Lassen Sie uns gemeinsam Ihr Projekt angehen!<\/h2>\n<p>[\/et_pb_text][et_pb_button button_url=&#8220;@ET-DC@eyJkeW5hbWljIjp0cnVlLCJjb250ZW50IjoicG9zdF9saW5rX3VybF9wYWdlIiwic2V0dGluZ3MiOnsicG9zdF9pZCI6IjEzNzA5In19@&#8220; button_text=&#8220;Kontaktieren Sie uns!&#8220; button_alignment=&#8220;center&#8220; _builder_version=&#8220;4.10.8&#8243; _dynamic_attributes=&#8220;button_url&#8220; _module_preset=&#8220;a9b497e8-689a-4b57-b697-0be25d7fccd5&#8243; button_letter_spacing_hover=&#8220;5.5px&#8220; global_colors_info=&#8220;{}&#8220; button_text_size__hover_enabled=&#8220;off&#8220; button_one_text_size__hover_enabled=&#8220;off&#8220; button_two_text_size__hover_enabled=&#8220;off&#8220; button_text_color__hover_enabled=&#8220;off&#8220; button_one_text_color__hover_enabled=&#8220;off&#8220; button_two_text_color__hover_enabled=&#8220;off&#8220; button_border_width__hover_enabled=&#8220;off&#8220; button_one_border_width__hover_enabled=&#8220;off&#8220; button_two_border_width__hover_enabled=&#8220;off&#8220; button_border_color__hover_enabled=&#8220;off&#8220; button_one_border_color__hover_enabled=&#8220;off&#8220; button_two_border_color__hover_enabled=&#8220;off&#8220; button_border_radius__hover_enabled=&#8220;off&#8220; button_one_border_radius__hover_enabled=&#8220;off&#8220; button_two_border_radius__hover_enabled=&#8220;off&#8220; button_letter_spacing__hover_enabled=&#8220;off|hover&#8220; button_letter_spacing__hover=&#8220;2px&#8220; button_one_letter_spacing__hover_enabled=&#8220;off&#8220; button_two_letter_spacing__hover_enabled=&#8220;off&#8220; button_bg_color__hover_enabled=&#8220;off&#8220; button_one_bg_color__hover_enabled=&#8220;off&#8220; button_two_bg_color__hover_enabled=&#8220;off&#8220;][\/et_pb_button][\/et_pb_column][\/et_pb_row][\/et_pb_section]<\/p>\n","protected":false},"excerpt":{"rendered":"<p>Online Marketing Google Ads, Facebook Ads &amp; Co. Die sch\u00f6nste und schnellste Webseite \/ Shop ist nur dann erfolgreich, wenn diese auch von potentiellen Kunden aufgerufen wird. Mittels Google Ads, Facebook, Twitter &amp; Co. sorgen wir f\u00fcr den n\u00f6tigen Besucher-Traffic auf Ihrer Webseite.Online Marketing Nur bezahlen was Sie auch wirklich bekommen! Online Marketing Ma\u00dfnahmen sind [&hellip;]<\/p>\n","protected":false},"author":2,"featured_media":0,"parent":13645,"menu_order":0,"comment_status":"closed","ping_status":"closed","template":"","meta":{"_et_pb_use_builder":"on","_et_pb_old_content":"","_et_gb_content_width":"","inline_featured_image":false,"footnotes":""},"class_list":["post-15203","page","type-page","status-publish","hentry"],"_links":{"self":[{"href":"https:\/\/www.bajorat-media.com\/en\/wp-json\/wp\/v2\/pages\/15203","targetHints":{"allow":["GET"]}}],"collection":[{"href":"https:\/\/www.bajorat-media.com\/en\/wp-json\/wp\/v2\/pages"}],"about":[{"href":"https:\/\/www.bajorat-media.com\/en\/wp-json\/wp\/v2\/types\/page"}],"author":[{"embeddable":true,"href":"https:\/\/www.bajorat-media.com\/en\/wp-json\/wp\/v2\/users\/2"}],"replies":[{"embeddable":true,"href":"https:\/\/www.bajorat-media.com\/en\/wp-json\/wp\/v2\/comments?post=15203"}],"version-history":[{"count":9,"href":"https:\/\/www.bajorat-media.com\/en\/wp-json\/wp\/v2\/pages\/15203\/revisions"}],"predecessor-version":[{"id":15372,"href":"https:\/\/www.bajorat-media.com\/en\/wp-json\/wp\/v2\/pages\/15203\/revisions\/15372"}],"up":[{"embeddable":true,"href":"https:\/\/www.bajorat-media.com\/en\/wp-json\/wp\/v2\/pages\/13645"}],"wp:attachment":[{"href":"https:\/\/www.bajorat-media.com\/en\/wp-json\/wp\/v2\/media?parent=15203"}],"curies":[{"name":"wp","href":"https:\/\/api.w.org\/{rel}","templated":true}]}}