{"id":15853,"date":"2022-05-25T16:57:26","date_gmt":"2022-05-25T14:57:26","guid":{"rendered":"https:\/\/www.bajorat-media.com\/?page_id=15853"},"modified":"2022-05-25T17:09:52","modified_gmt":"2022-05-25T15:09:52","slug":"wordpress-multisite","status":"publish","type":"page","link":"https:\/\/www.bajorat-media.com\/en\/services\/wordpress-multisite\/","title":{"rendered":"WordPress Multisite"},"content":{"rendered":"<p>[et_pb_section fb_built=&#8220;1&#8243; admin_label=&#8220;Header&#8220; _builder_version=&#8220;4.16&#8243; _module_preset=&#8220;5686f541-a4a9-4868-af98-d67da22a508d&#8220; saved_tabs=&#8220;all&#8220; global_colors_info=&#8220;{}&#8220;][et_pb_row _builder_version=&#8220;4.16&#8243; global_colors_info=&#8220;{}&#8220;][et_pb_column type=&#8220;4_4&#8243; _builder_version=&#8220;4.16&#8243; custom_padding=&#8220;|||&#8220; global_colors_info=&#8220;{}&#8220; custom_padding__hover=&#8220;|||&#8220;][et_pb_text _builder_version=&#8220;4.17.4&#8243; _module_preset=&#8220;d68d91a6-15bf-43b3-8894-8beca56d4da5&#8243; global_colors_info=&#8220;{}&#8220;]<\/p>\n<h1 style=\"text-align: center;\">WordPress Multisite<\/h1>\n<h2 style=\"text-align: center;\">Mehrere WordPress Seiten in einer Installation. Wir unterst\u00fctzen Sie beim einrichten, dem Umzug oder Weiterentwicklung<\/h2>\n<p>[\/et_pb_text][\/et_pb_column][\/et_pb_row][\/et_pb_section][et_pb_section fb_built=&#8220;1&#8243; next_background_color=&#8220;#ffffff&#8220; _builder_version=&#8220;4.16&#8243; _module_preset=&#8220;default&#8220; use_background_color_gradient=&#8220;on&#8220; background_color_gradient_stops=&#8220;#ffffff 81%|#f2f2fa 100%&#8220; background_color_gradient_start=&#8220;#ffffff&#8220; background_color_gradient_start_position=&#8220;81%&#8220; background_color_gradient_end=&#8220;#f2f2fa&#8220; custom_padding=&#8220;||100px||false|false&#8220; bottom_divider_style=&#8220;ramp&#8220; global_colors_info=&#8220;{}&#8220;][et_pb_row column_structure=&#8220;1_2,1_2&#8243; _builder_version=&#8220;4.16&#8243; _module_preset=&#8220;default&#8220; global_colors_info=&#8220;{}&#8220;][et_pb_column type=&#8220;1_2&#8243; _builder_version=&#8220;4.16&#8243; _module_preset=&#8220;default&#8220; global_colors_info=&#8220;{}&#8220;][et_pb_text _builder_version=&#8220;4.17.4&#8243; _module_preset=&#8220;38be5576-73c4-4040-aefa-5423521f93da&#8220; hover_enabled=&#8220;0&#8243; border_color_all=&#8220;#FFFFFF&#8220; global_colors_info=&#8220;{}&#8220; sticky_enabled=&#8220;0&#8243;]<\/p>\n<h2>WordPress Multisite Installation<\/h2>\n<h3>Was ist eine WordPress Multisite?<\/h3>\n<p>WordPress Multisite (Multiuser oder auch Blognetzwerk genannt) ist eine Funktion um mehrere WordPress-Seiten in einer WordPress-Installation zu verwalten.<\/p>\n<p>So k\u00f6nnen Sie also mit einer physischen Installation mehrere WordPress-Webseiten betreiben. Dabei k\u00f6nnen die Webseiten entweder in Unterverzeichnissen, mit Sub-Domains oder auch mit eigenen Domains (Domain-Mapping) betrieben werden.<\/p>\n<p>[\/et_pb_text][et_pb_image src=&#8220;https:\/\/www.bajorat-media.com\/wp-content\/uploads\/2022\/05\/wordpress-multisite-1024&#215;747.png&#8220; alt=&#8220;WordPress Multisite&#8220; title_text=&#8220;WordPress Multisite&#8220; _builder_version=&#8220;4.17.4&#8243; _module_preset=&#8220;default&#8220; global_colors_info=&#8220;{}&#8220;][\/et_pb_image][et_pb_text _builder_version=&#8220;4.17.4&#8243; _module_preset=&#8220;38be5576-73c4-4040-aefa-5423521f93da&#8220; border_color_all=&#8220;#FFFFFF&#8220; global_colors_info=&#8220;{}&#8220;]<\/p>\n<h3>Vorteile einer WordPress Multisite<\/h3>\n<p>Der gro\u00dfe Vorteil ergibt sich durch die zentralisierte Verwaltung und Wartung.<\/p>\n<p>Betreiben Sie z.B. 5 sehr \u00e4hnliche Webseiten oder Blogs auf WordPress-Basis, m\u00fcssten Sie jeweils 5 eigenst\u00e4ndige Systeme updaten bzw. sich bei inhaltlichen \u00c4nderungen einloggen.<\/p>\n<p>In der Multisite Umgebung profitieren alle Unterwebseiten von den gleichen Plugins und Aktualisierungen.<\/p>\n<p>Inhaltlich sind Sie dabei also v\u00f6llig frei und die Webseiten m\u00fcssen auch nicht gleich aussehen. Updaten Sie jedoch das Plugin f\u00fcr eine Webseite oder WordPress selber, so steht dieses Update immer direkt allen Webseiten in der WordPress Multisite zur Verf\u00fcgung.<\/p>\n<p>&nbsp;<\/p>\n<p>[\/et_pb_text][\/et_pb_column][et_pb_column type=&#8220;1_2&#8243; _builder_version=&#8220;4.16&#8243; _module_preset=&#8220;default&#8220; global_colors_info=&#8220;{}&#8220;][et_pb_text _builder_version=&#8220;4.17.4&#8243; _module_preset=&#8220;38be5576-73c4-4040-aefa-5423521f93da&#8220; custom_margin=&#8220;||0px||false|false&#8220; hover_enabled=&#8220;0&#8243; border_color_all=&#8220;#FFFFFF&#8220; global_colors_info=&#8220;{}&#8220; sticky_enabled=&#8220;0&#8243;]<\/p>\n<h2>Unsere WordPress Multisite Leistungen<\/h2>\n<h3>Einrichten, umziehen oder weiterentwickeln<\/h3>\n<p>Egal ob Sie eine <strong>WordPress Multisite einrichten, umziehen oder weiterentwickeln<\/strong> m\u00f6chten, als hochspezialisierte <a href=\"https:\/\/www.bajorat-media.com\/agentur\/wordpress\/\">WordPress-Agentur<\/a> sind wir genau der richtige Partner an Ihrer Seite um diese Arbeiten umzusetzen.<\/p>\n<p>Eine WordPress Multisite selbstst\u00e4ndig einzurichten und erfolgreich zu konfigurieren, ist zeitaufwendig. Angefangen von einigen Zeilen Code mehr in der wp-config.php Datei bis hin zur Verwaltung des korrekten Multisite Domain Mappings.<\/p>\n<p>Wir unterst\u00fctzen Sie sowohl im Vorfeld, z.B. bei der Planung oder Validierung ob eine Multisite f\u00fcr Ihr Vorhaben sinnvoll ist.<\/p>\n<p>Ebenso k\u00f6nnen wir die gesamte technische Einrichtung \u00fcbernehmen und bei der Auswahl eines WordPress-Multisite-Hosting Angebots helfen.<\/p>\n<p>Selbstverst\u00e4ndlich k\u00f6nnen wir Ihre WordPress-Multisite auch auf unserer speziell f\u00fcr das <a href=\"https:\/\/www.bajorat-media.com\/leistungen\/webhosting-und-wordpress-hosting\/\">WordPress Hosting<\/a> optimierten Infrastruktur betreiben.<\/p>\n<p>Falls Sie bereits \u00fcber ein Multisite System verf\u00fcgen, \u00fcbernehmen wir f\u00fcr Sie gerne auch die Weiterentwicklung und Wartung des Systems.<\/p>\n<h3>WordPress Multisite deinstallieren\/deaktivieren bzw. zur\u00fcck bauen<\/h3>\n<p>Nat\u00fcrlich k\u00f6nnen wir f\u00fcr Sie auch ein Multisite System wieder aufl\u00f6sen. Sollte das Blognetzwerk f\u00fcr Sie nicht praktikabel sein, z.B. weil die enthaltenen Seiten im Lauf der Zeit zu unterschiedlich geworden sind und es keine Harmonie mehr zwischen den Plugins gibt.<\/p>\n<p>In dem Fall k\u00f6nnen wir f\u00fcr Sie die Seiten der Multisite exportieren und wieder als einzelne Webseiten einrichten.<\/p>\n<h2>Besprechen Sie jetzt Ihr Projekt mit uns!<\/h2>\n<p>Wir freuen uns mehr von Ihnen und Ihrem Projekt zu erfahren, nehmen Sie daher gerne direkt Kontakt mit uns auf:<\/p>\n<p>[\/et_pb_text][et_pb_button button_url=&#8220;@ET-DC@eyJkeW5hbWljIjp0cnVlLCJjb250ZW50IjoicG9zdF9saW5rX3VybF9wYWdlIiwic2V0dGluZ3MiOnsicG9zdF9pZCI6IjEzNzA5In19@&#8220; button_text=&#8220;Kontakt aufnehmen&#8220; button_alignment=&#8220;center&#8220; _builder_version=&#8220;4.17.4&#8243; _dynamic_attributes=&#8220;button_url&#8220; _module_preset=&#8220;a9b497e8-689a-4b57-b697-0be25d7fccd5&#8243; custom_margin=&#8220;35px||||false|false&#8220; global_colors_info=&#8220;{}&#8220;][\/et_pb_button][\/et_pb_column][\/et_pb_row][\/et_pb_section][et_pb_section fb_built=&#8220;1&#8243; _builder_version=&#8220;4.16&#8243; _module_preset=&#8220;default&#8220; custom_padding=&#8220;6px||11px|||&#8220; global_colors_info=&#8220;{}&#8220;][et_pb_row column_structure=&#8220;1_2,1_2&#8243; _builder_version=&#8220;4.16&#8243; _module_preset=&#8220;default&#8220; custom_padding=&#8220;37px|||||&#8220; global_colors_info=&#8220;{}&#8220;][et_pb_column type=&#8220;1_2&#8243; _builder_version=&#8220;4.16&#8243; _module_preset=&#8220;default&#8220; global_colors_info=&#8220;{}&#8220;][et_pb_text _builder_version=&#8220;4.17.4&#8243; _module_preset=&#8220;38be5576-73c4-4040-aefa-5423521f93da&#8220; border_color_all=&#8220;#FFFFFF&#8220; global_colors_info=&#8220;{}&#8220;]<\/p>\n<h2>Vor- und Nachteile<\/h2>\n<h3>Welche Vor- bzw. Nachteile sind bei der WordPress Multisite zu ber\u00fccksichtigen<\/h3>\n<h4>Vorteile<\/h4>\n<p>Wie oben bereits erw\u00e4hnt vereinfacht es die Wartung bei mehreren Blogs bzw. Webseiten. Es gibt nur eine Dateibasis, also nur eine Dateibasis und f\u00fcr alle Blogs \/ Webseiten die gleiche WordPress-Installation.<\/p>\n<p>F\u00fcr jedes Blog \/ Webseite existieren dann jedoch eigene Datenbanktabellen. Bei einem Update k\u00f6nnen alle Blogs auf einen Schwung aktualisiert werden \u2013 egal ob nur ein Plugin aktualisiert wird oder eine neue WordPress-Version verf\u00fcgbar ist. Weiterhin k\u00f6nnen sehr einfach neue \/ weitere Webseiten angelegt werden.<\/p>\n<p>Je nach Bedarf sind diese Webseiten \u00fcber &#8222;Unterverzeichnisse&#8220; oder &#8222;Subdomains&#8220; zu erreichen.<\/p>\n<p>Also entweder \u00fcber<\/p>\n<ul>\n<li>domain.de\/blog1,<\/li>\n<li>domain.de\/blog2,<\/li>\n<li>domain.de\/blog3<\/li>\n<\/ul>\n<p>oder aber \u00fcber<\/p>\n<ul>\n<li>blog1.domain.de,<\/li>\n<li>blog2.domain.de,<\/li>\n<li>blog3.domain.de\u00a0<\/li>\n<\/ul>\n<p>Sie haben auch die M\u00f6glichkeit f\u00fcr jede Webseite eine eigene Domain einzurichten, dass funktioniert jedoch nur \u00fcber zus\u00e4tzliche Plugins im Blognetzwerk (Domain Mapping) und erfordert einige technischer Handgriffe, damit die Domains richtig funktionieren.<\/p>\n<p>[\/et_pb_text][\/et_pb_column][et_pb_column type=&#8220;1_2&#8243; _builder_version=&#8220;4.16&#8243; _module_preset=&#8220;default&#8220; global_colors_info=&#8220;{}&#8220;][et_pb_image src=&#8220;https:\/\/www.bajorat-media.com\/wp-content\/uploads\/2020\/06\/server-1.png&#8220; alt=&#8220;Webhosting &#038; Server&#8220; title_text=&#8220;Webhosting &#038; Server&#8220; _builder_version=&#8220;4.16&#8243; _module_preset=&#8220;default&#8220; global_colors_info=&#8220;{}&#8220;][\/et_pb_image][et_pb_text _builder_version=&#8220;4.17.4&#8243; _module_preset=&#8220;default&#8220; global_colors_info=&#8220;{}&#8220;]<\/p>\n<h4>Nachteile<\/h4>\n<p>Es gibt eigentlich nur eine kleine H\u00fcrde, denn nicht alle Plugins funktionieren fehlerfrei mit Multisites, allerdings ist die Zahl derer die es nicht tun mittlerweile eher gering.<\/p>\n<p>Weiterhin sollte man sich bewusst sein, dass die Effektivit\u00e4t einer WordPress Multisite abnimmt, je unterschiedlicher die einzelnen Webseiten sind. Nutzt z.B. jede Seite in der Multisite komplett unterschiedliche Plugins und es gibt keine gemeinsame Schnittmenge, so muss am Ende doch wieder alles einzeln getestet werden und auch die Wahrscheinlichkeit von Kompatibilit\u00e4tsproblemen kann zunehmen.<\/p>\n<p>Eine technische Basis f\u00fcr alle Webseiten hat viele Vorteile, ein nennenswerter Nachteil sollte dabei jedoch nicht unerw\u00e4hnt bleiben.<\/p>\n<p>Gibt es eine St\u00f6rung im WordPress Multisite System, sind davon in der Regel alle Webseiten betroffen. Ein Ausfall w\u00e4re damit global.<\/p>\n<p>Durch das sehr gute Exception-Management in WordPress sind fatale Fehler, die zu einem echten und vollst\u00e4ndig Ausfall f\u00fchren, eher gering.<\/p>\n<p>[\/et_pb_text][\/et_pb_column][\/et_pb_row][\/et_pb_section][et_pb_section fb_built=&#8220;1&#8243; custom_padding_last_edited=&#8220;on|desktop&#8220; prev_background_color=&#8220;#ffffff&#8220; disabled_on=&#8220;off|off|off&#8220; admin_label=&#8220;Footer&#8220; module_id=&#8220;footer-contact&#8220; _builder_version=&#8220;4.16&#8243; _module_preset=&#8220;default&#8220; use_background_color_gradient=&#8220;on&#8220; background_color_gradient_direction=&#8220;130deg&#8220; background_color_gradient_stops=&#8220;rgba(30,143,229,0.8) 0%|rgba(33,117,155,0.9) 100%&#8220; background_color_gradient_overlays_image=&#8220;on&#8220; background_color_gradient_start=&#8220;rgba(30,143,229,0.8)&#8220; background_color_gradient_end=&#8220;rgba(33,117,155,0.9)&#8220; background_image=&#8220;https:\/\/www.bajorat-media.com\/wp-content\/uploads\/2021\/06\/ueber-uns-factory-berlin.jpg&#8220; background_enable_image=&#8220;off&#8220; custom_padding=&#8220;16vw||7vw||false|false&#8220; custom_padding_tablet=&#8220;100px||100px||true&#8220; custom_padding_phone=&#8220;||||true&#8220; top_divider_style=&#8220;ramp2&#8243; top_divider_height=&#8220;250px&#8220; top_divider_flip=&#8220;vertical&#8220; top_divider_height_tablet=&#8220;150px&#8220; top_divider_height_phone=&#8220;110px&#8220; top_divider_height_last_edited=&#8220;on|phone&#8220; background_color_gradient_stops_tablet=&#8220;rgba(30,143,229,0.8) 0%|rgba(33,117,155,0.9) 100%&#8220; background_color_gradient_stops_phone=&#8220;rgba(30,143,229,0.8) 0%|rgba(33,117,155,0.9) 100%&#8220; global_module=&#8220;15280&#8243; saved_tabs=&#8220;all&#8220; global_colors_info=&#8220;{}&#8220;][et_pb_row module_class=&#8220; et_pb_row_fullwidth&#8220; _builder_version=&#8220;4.16&#8243; _module_preset=&#8220;default&#8220; width=&#8220;89%&#8220; width_tablet=&#8220;80%&#8220; width_phone=&#8220;&#8220; width_last_edited=&#8220;on|desktop&#8220; max_width=&#8220;89%&#8220; max_width_tablet=&#8220;80%&#8220; max_width_phone=&#8220;&#8220; max_width_last_edited=&#8220;on|desktop&#8220; custom_margin_phone=&#8220;|||&#8220; custom_margin_last_edited=&#8220;off|desktop&#8220; custom_padding=&#8220;|||&#8220; make_fullwidth=&#8220;on&#8220; global_colors_info=&#8220;{}&#8220;][et_pb_column type=&#8220;4_4&#8243; _builder_version=&#8220;4.16&#8243; _module_preset=&#8220;default&#8220; custom_padding=&#8220;|||&#8220; global_colors_info=&#8220;{}&#8220; custom_padding__hover=&#8220;|||&#8220;][et_pb_text _builder_version=&#8220;4.16&#8243; _module_preset=&#8220;3930226d-e9ff-4d87-bef4-1be8103c6a44&#8243; text_font=&#8220;||||||||&#8220; header_font=&#8220;||||||||&#8220; header_2_font=&#8220;Roboto|500|||||||&#8220; header_2_text_color=&#8220;#FFFFFF&#8220; header_2_font_size=&#8220;50px&#8220; header_2_line_height=&#8220;1.4em&#8220; header_3_font=&#8220;Roboto|700||on|||||&#8220; header_3_text_align=&#8220;center&#8220; header_3_text_color=&#8220;#ffffff&#8220; header_3_font_size=&#8220;24px&#8220; header_3_letter_spacing=&#8220;5px&#8220; header_3_line_height=&#8220;2em&#8220; text_orientation=&#8220;center&#8220; background_layout=&#8220;dark&#8220; max_width=&#8220;850px&#8220; module_alignment=&#8220;center&#8220; custom_margin=&#8220;|||&#8220; custom_padding=&#8220;|||&#8220; text_font_size_last_edited=&#8220;off|desktop&#8220; header_2_font_size_tablet=&#8220;40px&#8220; header_2_font_size_phone=&#8220;32px&#8220; header_2_font_size_last_edited=&#8220;on|desktop&#8220; header_3_font_size_tablet=&#8220;16px&#8220; header_3_font_size_phone=&#8220;14px&#8220; header_3_font_size_last_edited=&#8220;on|phone&#8220; global_colors_info=&#8220;{}&#8220;]<\/p>\n<h3>Haben wir Ihr Interesse geweckt?<\/h3>\n<h2>Lassen Sie uns gemeinsam Ihr Projekt angehen!<\/h2>\n<p>[\/et_pb_text][et_pb_button button_url=&#8220;@ET-DC@eyJkeW5hbWljIjp0cnVlLCJjb250ZW50IjoicG9zdF9saW5rX3VybF9wYWdlIiwic2V0dGluZ3MiOnsicG9zdF9pZCI6IjEzNzA5In19@&#8220; button_text=&#8220;Kontaktieren Sie uns!&#8220; button_alignment=&#8220;center&#8220; _builder_version=&#8220;4.16&#8243; _dynamic_attributes=&#8220;button_url&#8220; _module_preset=&#8220;a9b497e8-689a-4b57-b697-0be25d7fccd5&#8243; button_letter_spacing_hover=&#8220;5.5px&#8220; global_colors_info=&#8220;{}&#8220; button_text_size__hover_enabled=&#8220;off&#8220; button_one_text_size__hover_enabled=&#8220;off&#8220; button_two_text_size__hover_enabled=&#8220;off&#8220; button_text_color__hover_enabled=&#8220;off&#8220; button_one_text_color__hover_enabled=&#8220;off&#8220; button_two_text_color__hover_enabled=&#8220;off&#8220; button_border_width__hover_enabled=&#8220;off&#8220; button_one_border_width__hover_enabled=&#8220;off&#8220; button_two_border_width__hover_enabled=&#8220;off&#8220; button_border_color__hover_enabled=&#8220;off&#8220; button_one_border_color__hover_enabled=&#8220;off&#8220; button_two_border_color__hover_enabled=&#8220;off&#8220; button_border_radius__hover_enabled=&#8220;off&#8220; button_one_border_radius__hover_enabled=&#8220;off&#8220; button_two_border_radius__hover_enabled=&#8220;off&#8220; button_letter_spacing__hover_enabled=&#8220;off|hover&#8220; button_letter_spacing__hover=&#8220;2px&#8220; button_one_letter_spacing__hover_enabled=&#8220;off&#8220; button_two_letter_spacing__hover_enabled=&#8220;off&#8220; button_bg_color__hover_enabled=&#8220;off&#8220; button_one_bg_color__hover_enabled=&#8220;off&#8220; button_two_bg_color__hover_enabled=&#8220;off&#8220;][\/et_pb_button][\/et_pb_column][\/et_pb_row][\/et_pb_section]<\/p>\n","protected":false},"excerpt":{"rendered":"<p>WordPress Multisite Mehrere WordPress Seiten in einer Installation. Wir unterst\u00fctzen Sie beim einrichten, dem Umzug oder WeiterentwicklungWordPress Multisite Installation Was ist eine WordPress Multisite? WordPress Multisite (Multiuser oder auch Blognetzwerk genannt) ist eine Funktion um mehrere WordPress-Seiten in einer WordPress-Installation zu verwalten. So k\u00f6nnen Sie also mit einer physischen Installation mehrere WordPress-Webseiten betreiben. Dabei k\u00f6nnen [&hellip;]<\/p>\n","protected":false},"author":2,"featured_media":0,"parent":13645,"menu_order":0,"comment_status":"closed","ping_status":"closed","template":"","meta":{"_et_pb_use_builder":"on","_et_pb_old_content":"","_et_gb_content_width":"","inline_featured_image":false,"footnotes":""},"class_list":["post-15853","page","type-page","status-publish","hentry"],"_links":{"self":[{"href":"https:\/\/www.bajorat-media.com\/en\/wp-json\/wp\/v2\/pages\/15853","targetHints":{"allow":["GET"]}}],"collection":[{"href":"https:\/\/www.bajorat-media.com\/en\/wp-json\/wp\/v2\/pages"}],"about":[{"href":"https:\/\/www.bajorat-media.com\/en\/wp-json\/wp\/v2\/types\/page"}],"author":[{"embeddable":true,"href":"https:\/\/www.bajorat-media.com\/en\/wp-json\/wp\/v2\/users\/2"}],"replies":[{"embeddable":true,"href":"https:\/\/www.bajorat-media.com\/en\/wp-json\/wp\/v2\/comments?post=15853"}],"version-history":[{"count":8,"href":"https:\/\/www.bajorat-media.com\/en\/wp-json\/wp\/v2\/pages\/15853\/revisions"}],"predecessor-version":[{"id":15864,"href":"https:\/\/www.bajorat-media.com\/en\/wp-json\/wp\/v2\/pages\/15853\/revisions\/15864"}],"up":[{"embeddable":true,"href":"https:\/\/www.bajorat-media.com\/en\/wp-json\/wp\/v2\/pages\/13645"}],"wp:attachment":[{"href":"https:\/\/www.bajorat-media.com\/en\/wp-json\/wp\/v2\/media?parent=15853"}],"curies":[{"name":"wp","href":"https:\/\/api.w.org\/{rel}","templated":true}]}}